{"id":1967,"date":"2026-02-10T15:52:26","date_gmt":"2026-02-10T15:52:26","guid":{"rendered":"https:\/\/anda-law.com\/?page_id=1967"},"modified":"2026-03-03T08:53:29","modified_gmt":"2026-03-03T08:53:29","slug":"kuenstliche-intelligenz","status":"publish","type":"page","link":"https:\/\/anda-law.com\/en\/kuenstliche-intelligenz\/","title":{"rendered":"Artificial Intelligence"},"content":{"rendered":"<div class=\"wp-block-group alignfull is-style-ext-preset--group--natural-1--section has-background-background-color has-background has-global-padding is-layout-constrained wp-container-core-group-is-layout-3a222f2e wp-block-group-is-layout-constrained\" style=\"margin-top:0;margin-bottom:0;padding-top:var(--wp--preset--spacing--70);padding-bottom:var(--wp--preset--spacing--70)\">\n<div class=\"wp-block-group alignwide is-vertical is-content-justification-center is-layout-flex wp-container-core-group-is-layout-c9ee0c5a wp-block-group-is-layout-flex\">\n<div class=\"wp-block-group has-global-padding is-layout-constrained wp-container-core-group-is-layout-2287c683 wp-block-group-is-layout-constrained\">\n<h2 class=\"wp-block-heading alignwide has-text-align-center\" style=\"border-style:none;border-width:0px;border-top-left-radius:0px;border-top-right-radius:0px;border-bottom-left-radius:0px;border-bottom-right-radius:0px;margin-top:0;margin-right:0;margin-bottom:0;margin-left:0\">Unser Leistungsspektrum im Bereich K\u00fcnstliche Intelligenz<\/h2>\n<\/div>\n\n\n\n<div class=\"wp-block-group has-global-padding is-layout-constrained wp-container-core-group-is-layout-2287c683 wp-block-group-is-layout-constrained\">\n<p class=\"has-text-align-left\" style=\"margin-top:0;margin-bottom:0;padding-top:0;padding-bottom:0\">We provide companies with comprehensive advice on the legal framework for the use of AI systems\u2014from strategic planning and implementation to ongoing operation.<\/p>\n\n\n\n<p>Particular emphasis is placed on legally compliant design with regard to the <\/p>\n\n\n\n<ul class=\"wp-block-list\">\n<li><strong>EU AI Act<\/strong><\/li>\n\n\n\n<li><strong>Data Privacy<\/strong><\/li>\n\n\n\n<li><strong>Liability<\/strong><\/li>\n\n\n\n<li><strong>Training<\/strong> <\/li>\n\n\n\n<li><strong>Compliance<\/strong>.<\/li>\n<\/ul>\n\n\n\n<p>Wir unterst\u00fctzen Sie bei der Risikobewertung von KI\u2011Anwendungen, der Erstellung interner Richtlinien und der vertraglichen Absicherung gegen\u00fcber Entwicklern, Anbietern und Nutzern.<\/p>\n\n\n\n<p class=\"has-text-align-left\">Our goal is to enable innovation while minimizing legal risks. With practical advice, we help you integrate artificial intelligence into your company in a responsible, transparent, and future-proof manner.<\/p>\n<\/div>\n<\/div>\n\n\n\n<div class=\"wp-block-columns alignwide is-layout-flex wp-container-core-columns-is-layout-08c01c1c wp-block-columns-is-layout-flex\">\n<div class=\"wp-block-column is-layout-flow wp-block-column-is-layout-flow\">\n<div class=\"wp-block-group is-style-ext-preset--group--natural-1--item-card-1--align-center has-global-padding is-layout-constrained wp-block-group-is-layout-constrained is-style-ext-preset--group--natural-1--item-card-1--align-center--3\">\n<figure class=\"wp-block-image has-custom-border\"><img loading=\"lazy\" decoding=\"async\" width=\"1440\" height=\"900\" src=\"https:\/\/anda-law.com\/wp-content\/uploads\/2026\/02\/cc996354e72ef460869998b3b8490c5775e30dfe.jpg\" alt=\"\" class=\"wp-image-1981\" style=\"border-top-left-radius:28px;border-top-right-radius:28px;border-bottom-left-radius:28px;border-bottom-right-radius:28px;aspect-ratio:4\/3;object-fit:cover\" srcset=\"https:\/\/anda-law.com\/wp-content\/uploads\/2026\/02\/cc996354e72ef460869998b3b8490c5775e30dfe.jpg 1440w, https:\/\/anda-law.com\/wp-content\/uploads\/2026\/02\/cc996354e72ef460869998b3b8490c5775e30dfe-300x188.jpg 300w, https:\/\/anda-law.com\/wp-content\/uploads\/2026\/02\/cc996354e72ef460869998b3b8490c5775e30dfe-1024x640.jpg 1024w, https:\/\/anda-law.com\/wp-content\/uploads\/2026\/02\/cc996354e72ef460869998b3b8490c5775e30dfe-768x480.jpg 768w\" sizes=\"auto, (max-width: 1440px) 100vw, 1440px\" \/><\/figure>\n\n\n\n<div class=\"wp-block-group is-style-default has-global-padding is-layout-constrained wp-block-group-is-layout-constrained\">\n<h3 class=\"wp-block-heading has-text-align-center\">Rechtliche KI-Beratung<\/h3>\n\n\n\n<p class=\"has-text-align-center\">Diese Beratung unterst\u00fctzt Unternehmen bei der sicheren Integration und Nutzung von KI-Technologien.<\/p>\n<\/div>\n<\/div>\n<\/div>\n\n\n\n<div class=\"wp-block-column is-layout-flow wp-block-column-is-layout-flow\">\n<div class=\"wp-block-group is-style-ext-preset--group--natural-1--item-card-1--align-center has-global-padding is-layout-constrained wp-block-group-is-layout-constrained is-style-ext-preset--group--natural-1--item-card-1--align-center--4\">\n<figure class=\"wp-block-image has-custom-border\"><img loading=\"lazy\" decoding=\"async\" width=\"1440\" height=\"810\" src=\"https:\/\/anda-law.com\/wp-content\/uploads\/2026\/02\/f7f16b1787cf218cc740759596544da59071a305.jpg\" alt=\"\" class=\"wp-image-1982\" style=\"border-top-left-radius:28px;border-top-right-radius:28px;border-bottom-left-radius:28px;border-bottom-right-radius:28px;aspect-ratio:4\/3;object-fit:cover\" srcset=\"https:\/\/anda-law.com\/wp-content\/uploads\/2026\/02\/f7f16b1787cf218cc740759596544da59071a305.jpg 1440w, https:\/\/anda-law.com\/wp-content\/uploads\/2026\/02\/f7f16b1787cf218cc740759596544da59071a305-300x169.jpg 300w, https:\/\/anda-law.com\/wp-content\/uploads\/2026\/02\/f7f16b1787cf218cc740759596544da59071a305-1024x576.jpg 1024w, https:\/\/anda-law.com\/wp-content\/uploads\/2026\/02\/f7f16b1787cf218cc740759596544da59071a305-768x432.jpg 768w\" sizes=\"auto, (max-width: 1440px) 100vw, 1440px\" \/><\/figure>\n\n\n\n<div class=\"wp-block-group is-style-default has-global-padding is-layout-constrained wp-block-group-is-layout-constrained\">\n<h3 class=\"wp-block-heading has-text-align-center\">Vertragsgestaltung f\u00fcr KI-Projekte<\/h3>\n\n\n\n<p class=\"has-text-align-center\">Wir erstellen passgenaue Vertr\u00e4ge, die technische Innovationen rechtlich absichern.<\/p>\n<\/div>\n<\/div>\n<\/div>\n\n\n\n<div class=\"wp-block-column is-layout-flow wp-block-column-is-layout-flow\">\n<div class=\"wp-block-group is-style-ext-preset--group--natural-1--item-card-1--align-center has-global-padding is-layout-constrained wp-block-group-is-layout-constrained is-style-ext-preset--group--natural-1--item-card-1--align-center--5\">\n<figure class=\"wp-block-image has-custom-border\"><img loading=\"lazy\" decoding=\"async\" width=\"1440\" height=\"900\" src=\"https:\/\/anda-law.com\/wp-content\/uploads\/2026\/02\/31e6f4b8fc20551f0f38532ddce478f989c1c0ec.jpg\" alt=\"\" class=\"wp-image-1983\" style=\"border-top-left-radius:28px;border-top-right-radius:28px;border-bottom-left-radius:28px;border-bottom-right-radius:28px;aspect-ratio:4\/3;object-fit:cover\" srcset=\"https:\/\/anda-law.com\/wp-content\/uploads\/2026\/02\/31e6f4b8fc20551f0f38532ddce478f989c1c0ec.jpg 1440w, https:\/\/anda-law.com\/wp-content\/uploads\/2026\/02\/31e6f4b8fc20551f0f38532ddce478f989c1c0ec-300x188.jpg 300w, https:\/\/anda-law.com\/wp-content\/uploads\/2026\/02\/31e6f4b8fc20551f0f38532ddce478f989c1c0ec-1024x640.jpg 1024w, https:\/\/anda-law.com\/wp-content\/uploads\/2026\/02\/31e6f4b8fc20551f0f38532ddce478f989c1c0ec-768x480.jpg 768w\" sizes=\"auto, (max-width: 1440px) 100vw, 1440px\" \/><\/figure>\n\n\n\n<div class=\"wp-block-group is-style-default has-global-padding is-layout-constrained wp-block-group-is-layout-constrained\">\n<h3 class=\"wp-block-heading has-text-align-center\">Compliance und Datenschutz<\/h3>\n\n\n\n<p class=\"has-text-align-center\">Wir beraten und schulen zu allen gesetzlichen Vorgaben im KI-Umfeld.<\/p>\n<\/div>\n<\/div>\n<\/div>\n<\/div>\n<\/div>\n\n\n\n<div class=\"wp-block-group alignfull is-style-ext-preset--group--natural-1--section has-tertiary-background-color has-background has-global-padding is-layout-constrained wp-block-group-is-layout-constrained\" style=\"margin-top:0;margin-bottom:0;padding-top:var(--wp--preset--spacing--70);padding-bottom:var(--wp--preset--spacing--70)\">\n<div class=\"wp-block-columns alignwide is-layout-flex wp-container-core-columns-is-layout-174606dc wp-block-columns-is-layout-flex\">\n<div class=\"wp-block-column is-vertically-aligned-top is-layout-flow wp-block-column-is-layout-flow\">\n<h2 class=\"wp-block-heading\">Beginnen Sie jetzt Ihre KI-Rechtsberatung<\/h2>\n<\/div>\n\n\n\n<div class=\"wp-block-column is-layout-flow wp-block-column-is-layout-flow\">\n<p>Kontaktieren Sie uns f\u00fcr eine individuelle Beratung und profitieren Sie von unserer Expertise.<\/p>\n\n\n\n<div class=\"wp-block-buttons is-layout-flex wp-block-buttons-is-layout-flex\">\n<div class=\"wp-block-button is-style-ext-preset--button--natural-1--button-1 is-style-ext-preset--button--natural-1--button-1--7\"><a class=\"wp-block-button__link has-primary-color has-custom-color-1-background-color has-text-color has-background has-link-color wp-element-button\" href=\"https:\/\/anda-law.com\/en\/kontakt\/\" style=\"border-top-left-radius:14px;border-top-right-radius:14px;border-bottom-left-radius:14px;border-bottom-right-radius:14px\">Contact us<\/a><\/div>\n<\/div>\n<\/div>\n<\/div>\n<\/div>","protected":false},"excerpt":{"rendered":"<p>Unser Leistungsspektrum im Bereich K\u00fcnstliche Intelligenz Wir beraten Unternehmen umfassend zu den rechtlichen Rahmenbedingungen beim Einsatz von KI\u2011Systemen &#8211; von der strategischen Planung \u00fcber die Implementierung bis zum laufenden Betrieb. Ein besonderer Schwerpunkt liegt auf der rechtssicheren Gestaltung im Hinblick auf den Wir unterst\u00fctzen Sie bei der Risikobewertung von KI\u2011Anwendungen, der Erstellung interner Richtlinien und [&hellip;]<\/p>\n","protected":false},"author":1,"featured_media":0,"parent":0,"menu_order":0,"comment_status":"closed","ping_status":"closed","template":"page-with-title","meta":{"footnotes":""},"class_list":["post-1967","page","type-page","status-publish","hentry"],"yoast_head":"<!-- This site is optimized with the Yoast SEO plugin v27.4 - https:\/\/yoast.com\/product\/yoast-seo-wordpress\/ -->\n<title>K\u00fcnstliche Intelligenz - ANDA Legal Services &amp; Strategies<\/title>\n<meta name=\"description\" content=\"ANDA unterst\u00fctzt Unternehmen bei allen rechtlichen Fragen zu K\u00fcnstlicher Intelligenz: KI\u2011Compliance, EU\u2011AI\u2011Act, Schulung und Governance.\" \/>\n<meta name=\"robots\" content=\"index, follow, max-snippet:-1, max-image-preview:large, max-video-preview:-1\" \/>\n<link rel=\"canonical\" href=\"https:\/\/anda-law.com\/en\/kuenstliche-intelligenz\/\" \/>\n<meta property=\"og:locale\" content=\"en_GB\" \/>\n<meta property=\"og:type\" content=\"article\" \/>\n<meta property=\"og:title\" content=\"K\u00fcnstliche Intelligenz - ANDA Legal Services &amp; Strategies\" \/>\n<meta property=\"og:description\" content=\"ANDA unterst\u00fctzt Unternehmen bei allen rechtlichen Fragen zu K\u00fcnstlicher Intelligenz: KI\u2011Compliance, EU\u2011AI\u2011Act, Schulung und Governance.\" \/>\n<meta property=\"og:url\" content=\"https:\/\/anda-law.com\/en\/kuenstliche-intelligenz\/\" \/>\n<meta property=\"og:site_name\" content=\"ANDA Legal Services &amp; Strategies\" \/>\n<meta property=\"article:modified_time\" content=\"2026-03-03T08:53:29+00:00\" \/>\n<meta property=\"og:image\" content=\"https:\/\/anda-law.com\/wp-content\/uploads\/2026\/02\/cc996354e72ef460869998b3b8490c5775e30dfe.jpg\" \/>\n\t<meta property=\"og:image:width\" content=\"1440\" \/>\n\t<meta property=\"og:image:height\" content=\"900\" \/>\n\t<meta property=\"og:image:type\" content=\"image\/jpeg\" \/>\n<meta name=\"twitter:card\" content=\"summary_large_image\" \/>\n<meta name=\"twitter:label1\" content=\"Estimated reading time\" \/>\n\t<meta name=\"twitter:data1\" content=\"2 minutes\" \/>\n<script type=\"application\/ld+json\" class=\"yoast-schema-graph\">{\"@context\":\"https:\\\/\\\/schema.org\",\"@graph\":[{\"@type\":\"WebPage\",\"@id\":\"https:\\\/\\\/anda-law.com\\\/kuenstliche-intelligenz\\\/\",\"url\":\"https:\\\/\\\/anda-law.com\\\/kuenstliche-intelligenz\\\/\",\"name\":\"K\u00fcnstliche Intelligenz - ANDA Legal Services &amp; Strategies\",\"isPartOf\":{\"@id\":\"https:\\\/\\\/anda-law.com\\\/#website\"},\"primaryImageOfPage\":{\"@id\":\"https:\\\/\\\/anda-law.com\\\/kuenstliche-intelligenz\\\/#primaryimage\"},\"image\":{\"@id\":\"https:\\\/\\\/anda-law.com\\\/kuenstliche-intelligenz\\\/#primaryimage\"},\"thumbnailUrl\":\"https:\\\/\\\/anda-law.com\\\/wp-content\\\/uploads\\\/2026\\\/02\\\/cc996354e72ef460869998b3b8490c5775e30dfe.jpg\",\"datePublished\":\"2026-02-10T15:52:26+00:00\",\"dateModified\":\"2026-03-03T08:53:29+00:00\",\"description\":\"ANDA unterst\u00fctzt Unternehmen bei allen rechtlichen Fragen zu K\u00fcnstlicher Intelligenz: KI\u2011Compliance, EU\u2011AI\u2011Act, Schulung und Governance.\",\"breadcrumb\":{\"@id\":\"https:\\\/\\\/anda-law.com\\\/kuenstliche-intelligenz\\\/#breadcrumb\"},\"inLanguage\":\"en-GB\",\"potentialAction\":[{\"@type\":\"ReadAction\",\"target\":[\"https:\\\/\\\/anda-law.com\\\/kuenstliche-intelligenz\\\/\"]}]},{\"@type\":\"ImageObject\",\"inLanguage\":\"en-GB\",\"@id\":\"https:\\\/\\\/anda-law.com\\\/kuenstliche-intelligenz\\\/#primaryimage\",\"url\":\"https:\\\/\\\/anda-law.com\\\/wp-content\\\/uploads\\\/2026\\\/02\\\/cc996354e72ef460869998b3b8490c5775e30dfe.jpg\",\"contentUrl\":\"https:\\\/\\\/anda-law.com\\\/wp-content\\\/uploads\\\/2026\\\/02\\\/cc996354e72ef460869998b3b8490c5775e30dfe.jpg\"},{\"@type\":\"BreadcrumbList\",\"@id\":\"https:\\\/\\\/anda-law.com\\\/kuenstliche-intelligenz\\\/#breadcrumb\",\"itemListElement\":[{\"@type\":\"ListItem\",\"position\":1,\"name\":\"Start\",\"item\":\"https:\\\/\\\/anda-law.com\\\/\"},{\"@type\":\"ListItem\",\"position\":2,\"name\":\"K\u00fcnstliche Intelligenz\"}]},{\"@type\":\"WebSite\",\"@id\":\"https:\\\/\\\/anda-law.com\\\/#website\",\"url\":\"https:\\\/\\\/anda-law.com\\\/\",\"name\":\"Legal Services & Strategies\",\"description\":\"Flexible und strategische Rechtsberatung - externe Rechtsabteilung, Projekt-, Interim-Support\",\"publisher\":{\"@id\":\"https:\\\/\\\/anda-law.com\\\/#organization\"},\"potentialAction\":[{\"@type\":\"SearchAction\",\"target\":{\"@type\":\"EntryPoint\",\"urlTemplate\":\"https:\\\/\\\/anda-law.com\\\/?s={search_term_string}\"},\"query-input\":{\"@type\":\"PropertyValueSpecification\",\"valueRequired\":true,\"valueName\":\"search_term_string\"}}],\"inLanguage\":\"en-GB\"},{\"@type\":\"Organization\",\"@id\":\"https:\\\/\\\/anda-law.com\\\/#organization\",\"name\":\"ANDA Rechtsanw\u00e4lte\",\"url\":\"https:\\\/\\\/anda-law.com\\\/\",\"logo\":{\"@type\":\"ImageObject\",\"inLanguage\":\"en-GB\",\"@id\":\"https:\\\/\\\/anda-law.com\\\/#\\\/schema\\\/logo\\\/image\\\/\",\"url\":\"https:\\\/\\\/anda-law.com\\\/wp-content\\\/uploads\\\/2026\\\/03\\\/logo-neu-9-Kopie.png\",\"contentUrl\":\"https:\\\/\\\/anda-law.com\\\/wp-content\\\/uploads\\\/2026\\\/03\\\/logo-neu-9-Kopie.png\",\"width\":2000,\"height\":2000,\"caption\":\"ANDA Rechtsanw\u00e4lte\"},\"image\":{\"@id\":\"https:\\\/\\\/anda-law.com\\\/#\\\/schema\\\/logo\\\/image\\\/\"},\"sameAs\":[\"https:\\\/\\\/www.linkedin.com\\\/company\\\/anda-law\"]}]}<\/script>\n<!-- \/ Yoast SEO plugin. -->","yoast_head_json":{"title":"K\u00fcnstliche Intelligenz - ANDA Legal Services &amp; Strategies","description":"ANDA unterst\u00fctzt Unternehmen bei allen rechtlichen Fragen zu K\u00fcnstlicher Intelligenz: KI\u2011Compliance, EU\u2011AI\u2011Act, Schulung und Governance.","robots":{"index":"index","follow":"follow","max-snippet":"max-snippet:-1","max-image-preview":"max-image-preview:large","max-video-preview":"max-video-preview:-1"},"canonical":"https:\/\/anda-law.com\/en\/kuenstliche-intelligenz\/","og_locale":"en_GB","og_type":"article","og_title":"K\u00fcnstliche Intelligenz - ANDA Legal Services &amp; Strategies","og_description":"ANDA unterst\u00fctzt Unternehmen bei allen rechtlichen Fragen zu K\u00fcnstlicher Intelligenz: KI\u2011Compliance, EU\u2011AI\u2011Act, Schulung und Governance.","og_url":"https:\/\/anda-law.com\/en\/kuenstliche-intelligenz\/","og_site_name":"ANDA Legal Services &amp; Strategies","article_modified_time":"2026-03-03T08:53:29+00:00","og_image":[{"width":1440,"height":900,"url":"https:\/\/anda-law.com\/wp-content\/uploads\/2026\/02\/cc996354e72ef460869998b3b8490c5775e30dfe.jpg","type":"image\/jpeg"}],"twitter_card":"summary_large_image","twitter_misc":{"Estimated reading time":"2 minutes"},"schema":{"@context":"https:\/\/schema.org","@graph":[{"@type":"WebPage","@id":"https:\/\/anda-law.com\/kuenstliche-intelligenz\/","url":"https:\/\/anda-law.com\/kuenstliche-intelligenz\/","name":"K\u00fcnstliche Intelligenz - ANDA Legal Services &amp; Strategies","isPartOf":{"@id":"https:\/\/anda-law.com\/#website"},"primaryImageOfPage":{"@id":"https:\/\/anda-law.com\/kuenstliche-intelligenz\/#primaryimage"},"image":{"@id":"https:\/\/anda-law.com\/kuenstliche-intelligenz\/#primaryimage"},"thumbnailUrl":"https:\/\/anda-law.com\/wp-content\/uploads\/2026\/02\/cc996354e72ef460869998b3b8490c5775e30dfe.jpg","datePublished":"2026-02-10T15:52:26+00:00","dateModified":"2026-03-03T08:53:29+00:00","description":"ANDA unterst\u00fctzt Unternehmen bei allen rechtlichen Fragen zu K\u00fcnstlicher Intelligenz: KI\u2011Compliance, EU\u2011AI\u2011Act, Schulung und Governance.","breadcrumb":{"@id":"https:\/\/anda-law.com\/kuenstliche-intelligenz\/#breadcrumb"},"inLanguage":"en-GB","potentialAction":[{"@type":"ReadAction","target":["https:\/\/anda-law.com\/kuenstliche-intelligenz\/"]}]},{"@type":"ImageObject","inLanguage":"en-GB","@id":"https:\/\/anda-law.com\/kuenstliche-intelligenz\/#primaryimage","url":"https:\/\/anda-law.com\/wp-content\/uploads\/2026\/02\/cc996354e72ef460869998b3b8490c5775e30dfe.jpg","contentUrl":"https:\/\/anda-law.com\/wp-content\/uploads\/2026\/02\/cc996354e72ef460869998b3b8490c5775e30dfe.jpg"},{"@type":"BreadcrumbList","@id":"https:\/\/anda-law.com\/kuenstliche-intelligenz\/#breadcrumb","itemListElement":[{"@type":"ListItem","position":1,"name":"Start","item":"https:\/\/anda-law.com\/"},{"@type":"ListItem","position":2,"name":"K\u00fcnstliche Intelligenz"}]},{"@type":"WebSite","@id":"https:\/\/anda-law.com\/#website","url":"https:\/\/anda-law.com\/","name":"Legal Services & Strategies","description":"Flexible und strategische Rechtsberatung - externe Rechtsabteilung, Projekt-, Interim-Support","publisher":{"@id":"https:\/\/anda-law.com\/#organization"},"potentialAction":[{"@type":"SearchAction","target":{"@type":"EntryPoint","urlTemplate":"https:\/\/anda-law.com\/?s={search_term_string}"},"query-input":{"@type":"PropertyValueSpecification","valueRequired":true,"valueName":"search_term_string"}}],"inLanguage":"en-GB"},{"@type":"Organization","@id":"https:\/\/anda-law.com\/#organization","name":"ANDA Legal Services &amp; Strategies","url":"https:\/\/anda-law.com\/","logo":{"@type":"ImageObject","inLanguage":"en-GB","@id":"https:\/\/anda-law.com\/#\/schema\/logo\/image\/","url":"https:\/\/anda-law.com\/wp-content\/uploads\/2026\/03\/logo-neu-9-Kopie.png","contentUrl":"https:\/\/anda-law.com\/wp-content\/uploads\/2026\/03\/logo-neu-9-Kopie.png","width":2000,"height":2000,"caption":"ANDA Rechtsanw\u00e4lte"},"image":{"@id":"https:\/\/anda-law.com\/#\/schema\/logo\/image\/"},"sameAs":["https:\/\/www.linkedin.com\/company\/anda-law"]}]}},"rttpg_featured_image_url":null,"rttpg_author":{"display_name":"admin","author_link":"https:\/\/anda-law.com\/en\/author\/admin\/"},"rttpg_comment":0,"rttpg_category":null,"rttpg_excerpt":"Unser Leistungsspektrum im Bereich K\u00fcnstliche Intelligenz Wir beraten Unternehmen umfassend zu den rechtlichen Rahmenbedingungen beim Einsatz von KI\u2011Systemen &#8211; von der strategischen Planung \u00fcber die Implementierung bis zum laufenden Betrieb. Ein besonderer Schwerpunkt liegt auf der rechtssicheren Gestaltung im Hinblick auf den Wir unterst\u00fctzen Sie bei der Risikobewertung von KI\u2011Anwendungen, der Erstellung interner Richtlinien und&hellip;","_links":{"self":[{"href":"https:\/\/anda-law.com\/en\/wp-json\/wp\/v2\/pages\/1967","targetHints":{"allow":["GET"]}}],"collection":[{"href":"https:\/\/anda-law.com\/en\/wp-json\/wp\/v2\/pages"}],"about":[{"href":"https:\/\/anda-law.com\/en\/wp-json\/wp\/v2\/types\/page"}],"author":[{"embeddable":true,"href":"https:\/\/anda-law.com\/en\/wp-json\/wp\/v2\/users\/1"}],"replies":[{"embeddable":true,"href":"https:\/\/anda-law.com\/en\/wp-json\/wp\/v2\/comments?post=1967"}],"version-history":[{"count":35,"href":"https:\/\/anda-law.com\/en\/wp-json\/wp\/v2\/pages\/1967\/revisions"}],"predecessor-version":[{"id":4668,"href":"https:\/\/anda-law.com\/en\/wp-json\/wp\/v2\/pages\/1967\/revisions\/4668"}],"wp:attachment":[{"href":"https:\/\/anda-law.com\/en\/wp-json\/wp\/v2\/media?parent=1967"}],"curies":[{"name":"wp","href":"https:\/\/api.w.org\/{rel}","templated":true}]}}