{"id":26,"date":"2025-12-29T11:04:48","date_gmt":"2025-12-29T11:04:48","guid":{"rendered":"https:\/\/anda-law.com\/ueber\/"},"modified":"2026-04-02T11:54:03","modified_gmt":"2026-04-02T11:54:03","slug":"ueber","status":"publish","type":"page","link":"https:\/\/anda-law.com\/en\/ueber\/","title":{"rendered":"About ANDA"},"content":{"rendered":"<div class=\"wp-block-group alignwide is-layout-flow wp-block-group-is-layout-flow\">\n<div class=\"wp-block-group is-vertical is-layout-flex wp-container-core-group-is-layout-fe9cc265 wp-block-group-is-layout-flex\">\n<div class=\"wp-block-group has-global-padding is-layout-constrained wp-block-group-is-layout-constrained\" style=\"margin-top:var(--wp--preset--spacing--30);margin-bottom:var(--wp--preset--spacing--30)\">\n<h3 class=\"wp-block-heading\" style=\"margin-top:0;margin-right:0;margin-bottom:0;margin-left:0;padding-top:var(--wp--preset--spacing--20);padding-right:0;padding-bottom:var(--wp--preset--spacing--20);padding-left:0\">Our Mission<\/h3>\n\n\n\n<p>We believe that legal advice today must be more than just interpreting laws. Companies need partners who master regulatory complexity, understand technological developments, and offer pragmatic solutions that work in day-to-day business.<\/p>\n\n\n\n<p>That is why we work in an interdisciplinary, implementation-oriented manner and closely with our clients' teams. We stand for clarity, transparency, and a consulting style that facilitates decisions rather than complicating them.<\/p>\n<\/div>\n<\/div>\n<\/div>\n\n\n\n<div class=\"wp-block-group alignwide is-layout-flow wp-block-group-is-layout-flow\">\n<div class=\"wp-block-group is-vertical is-layout-flex wp-container-core-group-is-layout-fe9cc265 wp-block-group-is-layout-flex\">\n<div class=\"wp-block-group has-global-padding is-layout-constrained wp-block-group-is-layout-constrained\">\n<h3 class=\"wp-block-heading\" style=\"padding-top:var(--wp--preset--spacing--20);padding-bottom:var(--wp--preset--spacing--20)\">Our Story<\/h3>\n\n\n\n<p>Founded on the conviction that modern companies do not need traditional, isolated legal advisors, but rather business partners who strategically combine legal, technical, and regulatory issues.<\/p>\n\n\n\n<p>Our goal was\u2014and is\u2014to create a consulting service that:<\/p>\n\n\n\n<ul class=\"wp-block-list\">\n<li>covers all areas of law relating to day-to-day business from a single source<\/li>\n\n\n\n<li>creates an alternative or supplement to the internal legal department<\/li>\n\n\n\n<li>and reliably supports companies in critical growth phases.<\/li>\n<\/ul>\n\n\n\n<p>Today, we support startups, scale-ups, established medium-sized companies, and international organizations alike.<\/p>\n<\/div>\n<\/div>\n<\/div>\n\n\n\n<div class=\"wp-block-group alignwide is-layout-flow wp-block-group-is-layout-flow\">\n<div class=\"wp-block-group is-vertical is-layout-flex wp-container-core-group-is-layout-fe9cc265 wp-block-group-is-layout-flex\">\n<div class=\"wp-block-group has-global-padding is-layout-constrained wp-block-group-is-layout-constrained\">\n<h3 class=\"wp-block-heading\" style=\"padding-top:var(--wp--preset--spacing--20);padding-bottom:var(--wp--preset--spacing--20)\">Our Approach<\/h3>\n\n\n\n<p>We work like an internal team\u2014with a broad range of specialized expertise.<\/p>\n\n\n\n<p>What we offer:<\/p>\n\n\n\n<ul class=\"wp-block-list\">\n<li>continuous support as an external legal department,<\/li>\n\n\n\n<li>temporary relief through interim support<\/li>\n\n\n\n<li>sowie&nbsp;zielgerichtete Projektberatung&nbsp;f\u00fcr regulatorische, technische oder organisatorische Herausforderungen.<\/li>\n<\/ul>\n\n\n\n<p>Our clients appreciate our structured, solution-oriented style and close coordination with management, product teams, compliance, and operations.<\/p>\n<\/div>\n<\/div>\n<\/div>\n\n\n\n<div class=\"wp-block-group alignfull is-style-ext-preset--group--natural-1--section has-background-background-color has-background has-global-padding is-layout-constrained wp-container-core-group-is-layout-300589ff wp-block-group-is-layout-constrained\" id=\"team\" style=\"margin-top:0;margin-bottom:0;padding-top:var(--wp--preset--spacing--40);padding-bottom:var(--wp--preset--spacing--40)\">\n<div class=\"wp-block-group alignwide is-vertical is-layout-flex wp-container-core-group-is-layout-c35747d5 wp-block-group-is-layout-flex\">\n<div class=\"wp-block-group has-global-padding is-layout-constrained wp-container-core-group-is-layout-2287c683 wp-block-group-is-layout-constrained\">\n<h3 class=\"wp-block-heading\">Your Experts <\/h3>\n\n\n\n<p>Meet our experienced partners:<\/p>\n<\/div>\n<\/div>\n\n\n\n<div class=\"wp-block-columns alignwide is-layout-flex wp-container-core-columns-is-layout-08c01c1c wp-block-columns-is-layout-flex\">\n<div class=\"wp-block-column is-vertically-aligned-stretch is-layout-flow wp-block-column-is-layout-flow\">\n<div class=\"wp-block-group is-style-ext-preset--group--natural-1--item-card-1--align-start has-global-padding is-layout-constrained wp-block-group-is-layout-constrained is-style-ext-preset--group--natural-1--item-card-1--align-start--2\">\n<figure class=\"wp-block-image aligncenter size-large is-resized has-custom-border wp-duotone-unset-3\"><img loading=\"lazy\" decoding=\"async\" width=\"1024\" height=\"1024\" src=\"https:\/\/anda-law.com\/wp-content\/uploads\/2026\/02\/annette053-1-1024x1024.jpg\" alt=\"\" class=\"wp-image-4647\" style=\"border-top-left-radius:28px;border-top-right-radius:28px;border-bottom-left-radius:28px;border-bottom-right-radius:28px;aspect-ratio:1;object-fit:cover;width:300px\" srcset=\"https:\/\/anda-law.com\/wp-content\/uploads\/2026\/02\/annette053-1-1024x1024.jpg 1024w, https:\/\/anda-law.com\/wp-content\/uploads\/2026\/02\/annette053-1-300x300.jpg 300w, https:\/\/anda-law.com\/wp-content\/uploads\/2026\/02\/annette053-1-150x150.jpg 150w, https:\/\/anda-law.com\/wp-content\/uploads\/2026\/02\/annette053-1-768x768.jpg 768w, https:\/\/anda-law.com\/wp-content\/uploads\/2026\/02\/annette053-1-1536x1536.jpg 1536w, https:\/\/anda-law.com\/wp-content\/uploads\/2026\/02\/annette053-1-2048x2048.jpg 2048w, https:\/\/anda-law.com\/wp-content\/uploads\/2026\/02\/annette053-1-12x12.jpg 12w\" sizes=\"auto, (max-width: 1024px) 100vw, 1024px\" \/><\/figure>\n\n\n\n<div class=\"wp-block-group is-style-default has-global-padding is-layout-constrained wp-block-group-is-layout-constrained\">\n<h3 class=\"wp-block-heading has-text-align-center\" style=\"font-size:clamp(14px, 0.875rem + ((1vw - 3.2px) * 0.605), 20px);\">Annette Scamoni, M.C.L (Mannheim\/Adelaide)<\/h3>\n\n\n\n<p class=\"has-text-align-center\" style=\"margin-top:0;margin-bottom:0;font-size:clamp(14px, 0.875rem + ((1vw - 3.2px) * 0.403), 18px);\">Attorney &amp; Partner<\/p>\n\n\n\n<p class=\"has-text-align-left\">Annette Scamoni verf\u00fcgt \u00fcber rund&nbsp;20 Jahre Erfahrung als Unternehmensanw\u00e4ltin in der IT, Digital und Pharma-Branche. Vor der Gr\u00fcndung von ANDA war sie in&nbsp;vier Unternehmen&nbsp;in leitenden oder verantwortlichen Funktionen im Bereich Legal t\u00e4tig. Ihre Arbeit umfasste dort die Betreuung typischer In\u2011House\u2011Rechtsthemen, komplexer Projekte sowie die enge Zusammenarbeit mit Gesch\u00e4ftsf\u00fchrung und Fachbereichen.<\/p>\n\n\n\n<p>Durch ihre langj\u00e4hrige T\u00e4tigkeit in unterschiedlichen Unternehmensstrukturen \u2013 vom Start-up Umfeld bei der damals b\u00f6rsennotierten Pixelpark AG \u00fcber Matrix-Strukturen der internationalen Pharma-Konzerne Novartis und Pfizer bis zum wachsenden eMobility Service Provider Digital Charging Solutions (JV BMW\/Mercedes\/bp) \u2013 bringt Annette Scamoni ein breites Verst\u00e4ndnis f\u00fcr&nbsp;unternehmerische Abl\u00e4ufe&nbsp;und&nbsp;regulatorische Anforderungen&nbsp;mit. <\/p>\n\n\n\n<p>Schwerpunkte ihrer bisherigen Arbeit lagen unter anderem in den Bereichen&nbsp;Vertragsrecht\/Commercial,&nbsp;Vertragsverhandlung, Wettbewerbsrecht\/Marketing, Datenschutz,&nbsp;Corporate\/Governance,&nbsp;Compliance,&nbsp;arbeitsrechtliche Schnittstellen&nbsp;und&nbsp;produktbezogene oder regulatorische Rechtsfragen.<\/p>\n\n\n\n<p>Since January 2026, she has been a founding partner of the law firm ANDA Rechtsanw\u00e4lte. Here, she can contribute her comprehensive expertise as a specialized generalist to companies in a targeted manner.<\/p>\n\n\n\n<p>Sie ber\u00e4t auf Deutsch und Englisch.<\/p>\n\n\n\n<ul class=\"wp-block-social-links alignleft has-normal-icon-size has-icon-color is-style-logos-only is-layout-flex wp-container-core-social-links-is-layout-0d829a00 wp-block-social-links-is-layout-flex\" style=\"margin-top:24px\"><li style=\"color:#0B0620;\" class=\"wp-social-link wp-social-link-linkedin has-foreground-color wp-block-social-link\"><a href=\"https:\/\/linkedin.com\/in\/annette-scamoni\/\" class=\"wp-block-social-link-anchor\"><svg width=\"24\" height=\"24\" viewbox=\"0 0 24 24\" version=\"1.1\" xmlns=\"http:\/\/www.w3.org\/2000\/svg\" aria-hidden=\"true\" focusable=\"false\"><path d=\"M19.7,3H4.3C3.582,3,3,3.582,3,4.3v15.4C3,20.418,3.582,21,4.3,21h15.4c0.718,0,1.3-0.582,1.3-1.3V4.3 C21,3.582,20.418,3,19.7,3z M8.339,18.338H5.667v-8.59h2.672V18.338z M7.004,8.574c-0.857,0-1.549-0.694-1.549-1.548 c0-0.855,0.691-1.548,1.549-1.548c0.854,0,1.547,0.694,1.547,1.548C8.551,7.881,7.858,8.574,7.004,8.574z M18.339,18.338h-2.669 v-4.177c0-0.996-0.017-2.278-1.387-2.278c-1.389,0-1.601,1.086-1.601,2.206v4.249h-2.667v-8.59h2.559v1.174h0.037 c0.356-0.675,1.227-1.387,2.526-1.387c2.703,0,3.203,1.779,3.203,4.092V18.338z\"><\/path><\/svg><span class=\"wp-block-social-link-label screen-reader-text\">LinkedIn<\/span><\/a><\/li><\/ul>\n<\/div>\n<\/div>\n<\/div>\n\n\n\n<div class=\"wp-block-column is-vertically-aligned-stretch is-layout-flow wp-block-column-is-layout-flow\">\n<div class=\"wp-block-group is-style-ext-preset--group--natural-1--item-card-1--align-start has-global-padding is-layout-constrained wp-block-group-is-layout-constrained is-style-ext-preset--group--natural-1--item-card-1--align-start--4\">\n<figure class=\"wp-block-image aligncenter size-full is-resized has-custom-border wp-duotone-unset-5\"><img loading=\"lazy\" decoding=\"async\" width=\"2551\" height=\"2551\" src=\"https:\/\/anda-law.com\/wp-content\/uploads\/2026\/02\/daniela066-1.jpg\" alt=\"\" class=\"wp-image-4649\" style=\"border-top-left-radius:28px;border-top-right-radius:28px;border-bottom-left-radius:28px;border-bottom-right-radius:28px;aspect-ratio:1;object-fit:cover;width:300px\" srcset=\"https:\/\/anda-law.com\/wp-content\/uploads\/2026\/02\/daniela066-1.jpg 2551w, https:\/\/anda-law.com\/wp-content\/uploads\/2026\/02\/daniela066-1-300x300.jpg 300w, https:\/\/anda-law.com\/wp-content\/uploads\/2026\/02\/daniela066-1-1024x1024.jpg 1024w, https:\/\/anda-law.com\/wp-content\/uploads\/2026\/02\/daniela066-1-150x150.jpg 150w, https:\/\/anda-law.com\/wp-content\/uploads\/2026\/02\/daniela066-1-768x768.jpg 768w, https:\/\/anda-law.com\/wp-content\/uploads\/2026\/02\/daniela066-1-1536x1536.jpg 1536w, https:\/\/anda-law.com\/wp-content\/uploads\/2026\/02\/daniela066-1-2048x2048.jpg 2048w, https:\/\/anda-law.com\/wp-content\/uploads\/2026\/02\/daniela066-1-12x12.jpg 12w\" sizes=\"auto, (max-width: 2551px) 100vw, 2551px\" \/><\/figure>\n\n\n\n<div class=\"wp-block-group is-style-default has-global-padding is-layout-constrained wp-block-group-is-layout-constrained\">\n<h3 class=\"wp-block-heading has-text-align-center\" style=\"font-size:clamp(14px, 0.875rem + ((1vw - 3.2px) * 0.605), 20px);\">Daniela Lenz, MLE.<\/h3>\n\n\n\n<p class=\"has-text-align-center\" style=\"margin-top:0;margin-bottom:0;font-size:clamp(14px, 0.875rem + ((1vw - 3.2px) * 0.403), 18px);\"> Attorney &amp; Partner<\/p>\n\n\n\n<p class=\"has-text-align-left\">Daniela Lenz verf\u00fcgt \u00fcber mehr als 15 Jahre Erfahrung als Unternehmensjuristin in international gepr\u00e4gten Konzernstrukturen. Nach ihrer juristischen Ausbildung mit europarechtlichem Schwerpunkt war sie \u00fcber viele Jahre als Syndikusanw\u00e4ltin in der pharmazeutischen Industrie t\u00e4tig und verantwortete die ganzheitliche rechtliche Betreuung innovativer Gesch\u00e4ftsbereiche.<\/p>\n\n\n\n<p>Zentraler Schwerpunkt ihrer T\u00e4tigkeit lag dabei in den Bereichen Arzneimittel- und Medizinprodukterecht, Nahrungserg\u00e4nzungsmittelrecht, Heilmittelwerberecht, Risikomanagement, Datenschutz und Healthcare Compliance. Zudem betreute sie digitale Innovationsprojekte, einschlie\u00dflich digitaler Gesundheitsanwendungen. Ein weiterer Schwerpunkt lag in der rechtlichen Strukturierung und Begleitung von Kooperationen im Gesundheitswesen, insbesondere auch mit Start-ups. Auf internationaler Ebene begleitete sie Transformationsprozesse und technologiegetriebene Initiativen aus rechtlicher Perspektive.<\/p>\n\n\n\n<p>Seit Januar 2026 ist sie Gr\u00fcndungspartnerin. Hier verbindet sie ihre regulatorische und digitale Beratungserfahrung, um Unternehmen strategisch und vor allem praxisnah zu begleiten.<\/p>\n\n\n\n<p class=\"has-text-align-left\">Sie ber\u00e4t auf Deutsch und Englisch.<\/p>\n\n\n\n<ul class=\"wp-block-social-links alignleft has-normal-icon-size has-icon-color is-style-logos-only is-layout-flex wp-container-core-social-links-is-layout-0d829a00 wp-block-social-links-is-layout-flex\" style=\"margin-top:24px\"><li style=\"color:#0B0620;\" class=\"wp-social-link wp-social-link-linkedin has-foreground-color wp-block-social-link\"><a href=\"#\" class=\"wp-block-social-link-anchor\"><svg width=\"24\" height=\"24\" viewbox=\"0 0 24 24\" version=\"1.1\" xmlns=\"http:\/\/www.w3.org\/2000\/svg\" aria-hidden=\"true\" focusable=\"false\"><path d=\"M19.7,3H4.3C3.582,3,3,3.582,3,4.3v15.4C3,20.418,3.582,21,4.3,21h15.4c0.718,0,1.3-0.582,1.3-1.3V4.3 C21,3.582,20.418,3,19.7,3z M8.339,18.338H5.667v-8.59h2.672V18.338z M7.004,8.574c-0.857,0-1.549-0.694-1.549-1.548 c0-0.855,0.691-1.548,1.549-1.548c0.854,0,1.547,0.694,1.547,1.548C8.551,7.881,7.858,8.574,7.004,8.574z M18.339,18.338h-2.669 v-4.177c0-0.996-0.017-2.278-1.387-2.278c-1.389,0-1.601,1.086-1.601,2.206v4.249h-2.667v-8.59h2.559v1.174h0.037 c0.356-0.675,1.227-1.387,2.526-1.387c2.703,0,3.203,1.779,3.203,4.092V18.338z\"><\/path><\/svg><span class=\"wp-block-social-link-label screen-reader-text\">LinkedIn<\/span><\/a><\/li><\/ul>\n<\/div>\n<\/div>\n<\/div>\n<\/div>\n<\/div>","protected":false},"excerpt":{"rendered":"<p>Unsere Mission Wir glauben, dass rechtliche Beratung heute mehr sein muss als die blo\u00dfe Auslegung von Gesetzen. Unternehmen ben\u00f6tigen Partner, die regulatorische Komplexit\u00e4t beherrschen, technologische Entwicklungen verstehen und pragmatische L\u00f6sungen bieten, die im Tagesgesch\u00e4ft funktionieren. Deshalb arbeiten wir&nbsp;interdisziplin\u00e4r,&nbsp;umsetzungsorientiert&nbsp;und&nbsp;eng verzahnt mit den Teams unserer Mandanten. Wir stehen f\u00fcr Klarheit, Transparenz und einen Beratungsstil, der Entscheidungen erleichtert [&hellip;]<\/p>\n","protected":false},"author":1,"featured_media":0,"parent":0,"menu_order":0,"comment_status":"closed","ping_status":"closed","template":"page-with-title","meta":{"footnotes":""},"class_list":["post-26","page","type-page","status-publish","hentry"],"yoast_head":"<!-- This site is optimized with the Yoast SEO plugin v27.4 - https:\/\/yoast.com\/product\/yoast-seo-wordpress\/ -->\n<title>\u00dcber ANDA - ANDA Legal Services &amp; Strategies<\/title>\n<meta name=\"description\" content=\"ANDA Legal verbindet Inhouse\u2011Erfahrung mit der Flexibilit\u00e4t einer Kanzlei. Wir beraten Unternehmen in regulierten Branchen - praxisnah.\" \/>\n<meta name=\"robots\" content=\"index, follow, max-snippet:-1, max-image-preview:large, max-video-preview:-1\" \/>\n<link rel=\"canonical\" href=\"https:\/\/anda-law.com\/en\/ueber\/\" \/>\n<meta property=\"og:locale\" content=\"en_GB\" \/>\n<meta property=\"og:type\" content=\"article\" \/>\n<meta property=\"og:title\" content=\"\u00dcber ANDA - ANDA Legal Services &amp; Strategies\" \/>\n<meta property=\"og:description\" content=\"ANDA Legal verbindet Inhouse\u2011Erfahrung mit der Flexibilit\u00e4t einer Kanzlei. Wir beraten Unternehmen in regulierten Branchen - praxisnah.\" \/>\n<meta property=\"og:url\" content=\"https:\/\/anda-law.com\/en\/ueber\/\" \/>\n<meta property=\"og:site_name\" content=\"ANDA Legal Services &amp; Strategies\" \/>\n<meta property=\"article:modified_time\" content=\"2026-04-02T11:54:03+00:00\" \/>\n<meta property=\"og:image\" content=\"https:\/\/anda-law.com\/wp-content\/uploads\/2026\/02\/annette053-1-1024x1024.jpg\" \/>\n\t<meta property=\"og:image:width\" content=\"1024\" \/>\n\t<meta property=\"og:image:height\" content=\"1024\" \/>\n\t<meta property=\"og:image:type\" content=\"image\/jpeg\" \/>\n<meta name=\"twitter:card\" content=\"summary_large_image\" \/>\n<meta name=\"twitter:label1\" content=\"Estimated reading time\" \/>\n\t<meta name=\"twitter:data1\" content=\"4 minutes\" \/>\n<script type=\"application\/ld+json\" class=\"yoast-schema-graph\">{\"@context\":\"https:\\\/\\\/schema.org\",\"@graph\":[{\"@type\":\"WebPage\",\"@id\":\"https:\\\/\\\/anda-law.com\\\/ueber\\\/\",\"url\":\"https:\\\/\\\/anda-law.com\\\/ueber\\\/\",\"name\":\"\u00dcber ANDA - ANDA Legal Services &amp; Strategies\",\"isPartOf\":{\"@id\":\"https:\\\/\\\/anda-law.com\\\/#website\"},\"primaryImageOfPage\":{\"@id\":\"https:\\\/\\\/anda-law.com\\\/ueber\\\/#primaryimage\"},\"image\":{\"@id\":\"https:\\\/\\\/anda-law.com\\\/ueber\\\/#primaryimage\"},\"thumbnailUrl\":\"https:\\\/\\\/anda-law.com\\\/wp-content\\\/uploads\\\/2026\\\/02\\\/annette053-1-1024x1024.jpg\",\"datePublished\":\"2025-12-29T11:04:48+00:00\",\"dateModified\":\"2026-04-02T11:54:03+00:00\",\"description\":\"ANDA Legal verbindet Inhouse\u2011Erfahrung mit der Flexibilit\u00e4t einer Kanzlei. Wir beraten Unternehmen in regulierten Branchen - praxisnah.\",\"breadcrumb\":{\"@id\":\"https:\\\/\\\/anda-law.com\\\/ueber\\\/#breadcrumb\"},\"inLanguage\":\"en-GB\",\"potentialAction\":[{\"@type\":\"ReadAction\",\"target\":[\"https:\\\/\\\/anda-law.com\\\/ueber\\\/\"]}]},{\"@type\":\"ImageObject\",\"inLanguage\":\"en-GB\",\"@id\":\"https:\\\/\\\/anda-law.com\\\/ueber\\\/#primaryimage\",\"url\":\"https:\\\/\\\/anda-law.com\\\/wp-content\\\/uploads\\\/2026\\\/02\\\/annette053-1-1024x1024.jpg\",\"contentUrl\":\"https:\\\/\\\/anda-law.com\\\/wp-content\\\/uploads\\\/2026\\\/02\\\/annette053-1-1024x1024.jpg\"},{\"@type\":\"BreadcrumbList\",\"@id\":\"https:\\\/\\\/anda-law.com\\\/ueber\\\/#breadcrumb\",\"itemListElement\":[{\"@type\":\"ListItem\",\"position\":1,\"name\":\"Start\",\"item\":\"https:\\\/\\\/anda-law.com\\\/\"},{\"@type\":\"ListItem\",\"position\":2,\"name\":\"\u00dcber ANDA\"}]},{\"@type\":\"WebSite\",\"@id\":\"https:\\\/\\\/anda-law.com\\\/#website\",\"url\":\"https:\\\/\\\/anda-law.com\\\/\",\"name\":\"Legal Services & Strategies\",\"description\":\"Flexible und strategische Rechtsberatung - externe Rechtsabteilung, Projekt-, Interim-Support\",\"publisher\":{\"@id\":\"https:\\\/\\\/anda-law.com\\\/#organization\"},\"potentialAction\":[{\"@type\":\"SearchAction\",\"target\":{\"@type\":\"EntryPoint\",\"urlTemplate\":\"https:\\\/\\\/anda-law.com\\\/?s={search_term_string}\"},\"query-input\":{\"@type\":\"PropertyValueSpecification\",\"valueRequired\":true,\"valueName\":\"search_term_string\"}}],\"inLanguage\":\"en-GB\"},{\"@type\":\"Organization\",\"@id\":\"https:\\\/\\\/anda-law.com\\\/#organization\",\"name\":\"ANDA Rechtsanw\u00e4lte\",\"url\":\"https:\\\/\\\/anda-law.com\\\/\",\"logo\":{\"@type\":\"ImageObject\",\"inLanguage\":\"en-GB\",\"@id\":\"https:\\\/\\\/anda-law.com\\\/#\\\/schema\\\/logo\\\/image\\\/\",\"url\":\"https:\\\/\\\/anda-law.com\\\/wp-content\\\/uploads\\\/2026\\\/03\\\/logo-neu-9-Kopie.png\",\"contentUrl\":\"https:\\\/\\\/anda-law.com\\\/wp-content\\\/uploads\\\/2026\\\/03\\\/logo-neu-9-Kopie.png\",\"width\":2000,\"height\":2000,\"caption\":\"ANDA Rechtsanw\u00e4lte\"},\"image\":{\"@id\":\"https:\\\/\\\/anda-law.com\\\/#\\\/schema\\\/logo\\\/image\\\/\"},\"sameAs\":[\"https:\\\/\\\/www.linkedin.com\\\/company\\\/anda-law\"]}]}<\/script>\n<!-- \/ Yoast SEO plugin. -->","yoast_head_json":{"title":"\u00dcber ANDA - ANDA Legal Services &amp; Strategies","description":"ANDA Legal verbindet Inhouse\u2011Erfahrung mit der Flexibilit\u00e4t einer Kanzlei. Wir beraten Unternehmen in regulierten Branchen - praxisnah.","robots":{"index":"index","follow":"follow","max-snippet":"max-snippet:-1","max-image-preview":"max-image-preview:large","max-video-preview":"max-video-preview:-1"},"canonical":"https:\/\/anda-law.com\/en\/ueber\/","og_locale":"en_GB","og_type":"article","og_title":"\u00dcber ANDA - ANDA Legal Services &amp; Strategies","og_description":"ANDA Legal verbindet Inhouse\u2011Erfahrung mit der Flexibilit\u00e4t einer Kanzlei. Wir beraten Unternehmen in regulierten Branchen - praxisnah.","og_url":"https:\/\/anda-law.com\/en\/ueber\/","og_site_name":"ANDA Legal Services &amp; Strategies","article_modified_time":"2026-04-02T11:54:03+00:00","og_image":[{"width":1024,"height":1024,"url":"https:\/\/anda-law.com\/wp-content\/uploads\/2026\/02\/annette053-1-1024x1024.jpg","type":"image\/jpeg"}],"twitter_card":"summary_large_image","twitter_misc":{"Estimated reading time":"4 minutes"},"schema":{"@context":"https:\/\/schema.org","@graph":[{"@type":"WebPage","@id":"https:\/\/anda-law.com\/ueber\/","url":"https:\/\/anda-law.com\/ueber\/","name":"\u00dcber ANDA - ANDA Legal Services &amp; Strategies","isPartOf":{"@id":"https:\/\/anda-law.com\/#website"},"primaryImageOfPage":{"@id":"https:\/\/anda-law.com\/ueber\/#primaryimage"},"image":{"@id":"https:\/\/anda-law.com\/ueber\/#primaryimage"},"thumbnailUrl":"https:\/\/anda-law.com\/wp-content\/uploads\/2026\/02\/annette053-1-1024x1024.jpg","datePublished":"2025-12-29T11:04:48+00:00","dateModified":"2026-04-02T11:54:03+00:00","description":"ANDA Legal verbindet Inhouse\u2011Erfahrung mit der Flexibilit\u00e4t einer Kanzlei. Wir beraten Unternehmen in regulierten Branchen - praxisnah.","breadcrumb":{"@id":"https:\/\/anda-law.com\/ueber\/#breadcrumb"},"inLanguage":"en-GB","potentialAction":[{"@type":"ReadAction","target":["https:\/\/anda-law.com\/ueber\/"]}]},{"@type":"ImageObject","inLanguage":"en-GB","@id":"https:\/\/anda-law.com\/ueber\/#primaryimage","url":"https:\/\/anda-law.com\/wp-content\/uploads\/2026\/02\/annette053-1-1024x1024.jpg","contentUrl":"https:\/\/anda-law.com\/wp-content\/uploads\/2026\/02\/annette053-1-1024x1024.jpg"},{"@type":"BreadcrumbList","@id":"https:\/\/anda-law.com\/ueber\/#breadcrumb","itemListElement":[{"@type":"ListItem","position":1,"name":"Start","item":"https:\/\/anda-law.com\/"},{"@type":"ListItem","position":2,"name":"\u00dcber ANDA"}]},{"@type":"WebSite","@id":"https:\/\/anda-law.com\/#website","url":"https:\/\/anda-law.com\/","name":"Legal Services & Strategies","description":"Flexible und strategische Rechtsberatung - externe Rechtsabteilung, Projekt-, Interim-Support","publisher":{"@id":"https:\/\/anda-law.com\/#organization"},"potentialAction":[{"@type":"SearchAction","target":{"@type":"EntryPoint","urlTemplate":"https:\/\/anda-law.com\/?s={search_term_string}"},"query-input":{"@type":"PropertyValueSpecification","valueRequired":true,"valueName":"search_term_string"}}],"inLanguage":"en-GB"},{"@type":"Organization","@id":"https:\/\/anda-law.com\/#organization","name":"ANDA Legal Services &amp; Strategies","url":"https:\/\/anda-law.com\/","logo":{"@type":"ImageObject","inLanguage":"en-GB","@id":"https:\/\/anda-law.com\/#\/schema\/logo\/image\/","url":"https:\/\/anda-law.com\/wp-content\/uploads\/2026\/03\/logo-neu-9-Kopie.png","contentUrl":"https:\/\/anda-law.com\/wp-content\/uploads\/2026\/03\/logo-neu-9-Kopie.png","width":2000,"height":2000,"caption":"ANDA Rechtsanw\u00e4lte"},"image":{"@id":"https:\/\/anda-law.com\/#\/schema\/logo\/image\/"},"sameAs":["https:\/\/www.linkedin.com\/company\/anda-law"]}]}},"rttpg_featured_image_url":null,"rttpg_author":{"display_name":"admin","author_link":"https:\/\/anda-law.com\/en\/author\/admin\/"},"rttpg_comment":0,"rttpg_category":null,"rttpg_excerpt":"Unsere Mission Wir glauben, dass rechtliche Beratung heute mehr sein muss als die blo\u00dfe Auslegung von Gesetzen. Unternehmen ben\u00f6tigen Partner, die regulatorische Komplexit\u00e4t beherrschen, technologische Entwicklungen verstehen und pragmatische L\u00f6sungen bieten, die im Tagesgesch\u00e4ft funktionieren. Deshalb arbeiten wir&nbsp;interdisziplin\u00e4r,&nbsp;umsetzungsorientiert&nbsp;und&nbsp;eng verzahnt mit den Teams unserer Mandanten. Wir stehen f\u00fcr Klarheit, Transparenz und einen Beratungsstil, der Entscheidungen erleichtert&hellip;","_links":{"self":[{"href":"https:\/\/anda-law.com\/en\/wp-json\/wp\/v2\/pages\/26","targetHints":{"allow":["GET"]}}],"collection":[{"href":"https:\/\/anda-law.com\/en\/wp-json\/wp\/v2\/pages"}],"about":[{"href":"https:\/\/anda-law.com\/en\/wp-json\/wp\/v2\/types\/page"}],"author":[{"embeddable":true,"href":"https:\/\/anda-law.com\/en\/wp-json\/wp\/v2\/users\/1"}],"replies":[{"embeddable":true,"href":"https:\/\/anda-law.com\/en\/wp-json\/wp\/v2\/comments?post=26"}],"version-history":[{"count":309,"href":"https:\/\/anda-law.com\/en\/wp-json\/wp\/v2\/pages\/26\/revisions"}],"predecessor-version":[{"id":4942,"href":"https:\/\/anda-law.com\/en\/wp-json\/wp\/v2\/pages\/26\/revisions\/4942"}],"wp:attachment":[{"href":"https:\/\/anda-law.com\/en\/wp-json\/wp\/v2\/media?parent=26"}],"curies":[{"name":"wp","href":"https:\/\/api.w.org\/{rel}","templated":true}]}}