{"id":270,"date":"2026-01-24T11:29:40","date_gmt":"2026-01-24T11:29:40","guid":{"rendered":"https:\/\/anda-law.com\/?page_id=270"},"modified":"2026-03-13T10:03:09","modified_gmt":"2026-03-13T10:03:09","slug":"fokusbranchen","status":"publish","type":"page","link":"https:\/\/anda-law.com\/en\/fokusbranchen\/","title":{"rendered":"Industries"},"content":{"rendered":"<div class=\"wp-block-group alignwide is-style-ext-preset--group--natural-1--section has-background-background-color has-background is-vertical is-content-justification-center is-nowrap is-layout-flex wp-container-core-group-is-layout-8262f544 wp-block-group-is-layout-flex\" style=\"border-top-left-radius:28px;border-top-right-radius:28px;border-bottom-left-radius:28px;border-bottom-right-radius:28px;margin-top:var(--wp--preset--spacing--30);margin-bottom:var(--wp--preset--spacing--30);padding-top:var(--wp--preset--spacing--40);padding-right:var(--wp--preset--spacing--30);padding-bottom:var(--wp--preset--spacing--40);padding-left:var(--wp--preset--spacing--30)\">\n<div class=\"wp-block-group alignwide is-vertical is-content-justification-center is-layout-flex wp-container-core-group-is-layout-c9ee0c5a wp-block-group-is-layout-flex\">\n<div class=\"wp-block-group is-layout-flow wp-container-core-group-is-layout-fc3c91ea wp-block-group-is-layout-flow\">\n<h2 class=\"wp-block-heading has-text-align-center\" style=\"border-style:none;border-width:0px;margin-top:0;margin-bottom:0\">Rechtsberatung f\u00fcr Healthcare, Life Sciences und Digitalwirtschaft<\/h2>\n\n\n\n<p class=\"has-text-align-center\">Unsere Rechtsberatung und L\u00f6sungen, wie externe Rechtsabteilung, Projektunterst\u00fctzung, Interim-Support,  richten sich vor allem an Unternehmen, die in stark regulierten und digitalen Branchen agieren. Durch unsere langj\u00e4hrige Erfahrung im regulierten Sektor kennen wir die branchenspezifischen Anforderungen, relevanten Rechtsgebiete sowie besonderen Compliance-Anforderungen genau und k\u00f6nnen schnell und ohne lange Einarbeitung starten. Wir verf\u00fcgen \u00fcber umfassende Expertise in s\u00e4mtlichen Rechtsgebieten, die typischerweise in In-House-Abteilungen anfallen.<\/p>\n\n\n\n<p class=\"has-text-align-center\">Ihre Branche ist nicht dabei, aber Sie sind dennoch an unseren L\u00f6sungen interessiert? Kontaktieren Sie uns gerne. Gemeinsam finden wir heraus, ob eine Zusammenarbeit m\u00f6glich ist.<\/p>\n<\/div>\n<\/div>\n<\/div>\n\n\n\n<div class=\"wp-block-group alignwide is-style-ext-preset--group--natural-1--section has-tertiary-background-color has-background has-global-padding is-layout-constrained wp-container-core-group-is-layout-cd4a4c37 wp-block-group-is-layout-constrained\" style=\"border-top-left-radius:28px;border-top-right-radius:28px;border-bottom-left-radius:28px;border-bottom-right-radius:28px;margin-top:0;margin-bottom:0;padding-top:var(--wp--preset--spacing--30);padding-right:0;padding-bottom:var(--wp--preset--spacing--30);padding-left:0\">\n<div class=\"wp-block-media-text alignwide is-stacked-on-mobile is-image-fill-element\" style=\"border-top-left-radius:28px;border-top-right-radius:28px;border-bottom-left-radius:28px;border-bottom-right-radius:28px;grid-template-columns:35% auto\"><figure class=\"wp-block-media-text__media\"><img loading=\"lazy\" decoding=\"async\" width=\"1024\" height=\"512\" src=\"https:\/\/anda-law.com\/wp-content\/uploads\/2026\/02\/iStock-2228153181-1024x512.jpg\" alt=\"\" class=\"wp-image-4351 size-full\" style=\"object-position:50% 50%\" srcset=\"https:\/\/anda-law.com\/wp-content\/uploads\/2026\/02\/iStock-2228153181-1024x512.jpg 1024w, https:\/\/anda-law.com\/wp-content\/uploads\/2026\/02\/iStock-2228153181-300x150.jpg 300w, https:\/\/anda-law.com\/wp-content\/uploads\/2026\/02\/iStock-2228153181-768x384.jpg 768w, https:\/\/anda-law.com\/wp-content\/uploads\/2026\/02\/iStock-2228153181-1536x768.jpg 1536w, https:\/\/anda-law.com\/wp-content\/uploads\/2026\/02\/iStock-2228153181-2048x1024.jpg 2048w, https:\/\/anda-law.com\/wp-content\/uploads\/2026\/02\/iStock-2228153181-18x9.jpg 18w\" sizes=\"auto, (max-width: 1024px) 100vw, 1024px\" \/><\/figure><div class=\"wp-block-media-text__content\">\n<h2 class=\"wp-block-heading\">Rechtsberatung f\u00fcr Healthcare &amp; Life Sciences<\/h2>\n\n\n\n<p>Whether <\/p>\n\n\n\n<ul class=\"wp-block-list\">\n<li>Pharma-Unternehmen<\/li>\n\n\n\n<li>Biotech Company<\/li>\n\n\n\n<li>Medical Device Manufacturer<\/li>\n\n\n\n<li>Verband<\/li>\n\n\n\n<li>Providers of digital health solutions (eHealth)<\/li>\n\n\n\n<li>Dietary supplement providers or<\/li>\n\n\n\n<li>Clinical Research Organization (CRO),<\/li>\n<\/ul>\n\n\n\n<p class=\"has-text-align-left\">wir unterst\u00fctzen Unternehmen mit&nbsp;flexiblen Rechtsl\u00f6sungen&nbsp;\u2013 von&nbsp;externer Rechtsabteilung&nbsp;\u00fcber&nbsp;projektbezogene Beratung bis hin zum Interim-Support. Auf Basis breiter Erfahrung in regulierten Umfeldern erarbeiten wir&nbsp;klare, praxisnahe und risikoorientierte&nbsp;Vorgehensweisen.<\/p>\n\n\n\n<p>The goal of our work: to establish legally sound business models, products, and services, identify risks at an early stage, and develop practical solutions that enable innovation while ensuring compliance.<\/p>\n\n\n\n<div class=\"wp-block-buttons is-layout-flex wp-block-buttons-is-layout-flex\" style=\"padding-right:var(--wp--preset--spacing--30);padding-left:var(--wp--preset--spacing--30)\">\n<div class=\"wp-block-button is-style-ext-preset--button--natural-1--button-1 is-style-ext-preset--button--natural-1--button-1--3\"><a class=\"wp-block-button__link wp-element-button\" href=\"https:\/\/anda-law.com\/en\/loesungen\/\" style=\"border-top-left-radius:14px;border-top-right-radius:14px;border-bottom-left-radius:14px;border-bottom-right-radius:14px\">Learn more<\/a><\/div>\n<\/div>\n<\/div><\/div>\n<\/div>\n\n\n\n<div class=\"wp-block-group alignwide is-style-ext-preset--group--natural-1--section has-tertiary-background-color has-background has-global-padding is-layout-constrained wp-container-core-group-is-layout-a78fc164 wp-block-group-is-layout-constrained\" style=\"border-top-left-radius:28px;border-top-right-radius:28px;border-bottom-left-radius:28px;border-bottom-right-radius:28px;margin-top:var(--wp--preset--spacing--30);margin-bottom:var(--wp--preset--spacing--30);padding-top:var(--wp--preset--spacing--30);padding-right:0;padding-bottom:var(--wp--preset--spacing--30);padding-left:0\">\n<div class=\"wp-block-media-text alignwide is-stacked-on-mobile is-image-fill-element\" style=\"border-top-left-radius:28px;border-top-right-radius:28px;border-bottom-left-radius:28px;border-bottom-right-radius:28px;grid-template-columns:35% auto\"><figure class=\"wp-block-media-text__media\"><img loading=\"lazy\" decoding=\"async\" width=\"1024\" height=\"731\" src=\"https:\/\/anda-law.com\/wp-content\/uploads\/2026\/01\/image-5-1024x731.jpg\" alt=\"\" class=\"wp-image-939 size-full\" style=\"object-position:50% 50%\" srcset=\"https:\/\/anda-law.com\/wp-content\/uploads\/2026\/01\/image-5-1024x731.jpg 1024w, https:\/\/anda-law.com\/wp-content\/uploads\/2026\/01\/image-5-300x214.jpg 300w, https:\/\/anda-law.com\/wp-content\/uploads\/2026\/01\/image-5-768x548.jpg 768w, https:\/\/anda-law.com\/wp-content\/uploads\/2026\/01\/image-5.jpg 1080w\" sizes=\"auto, (max-width: 1024px) 100vw, 1024px\" \/><\/figure><div class=\"wp-block-media-text__content\">\n<h2 class=\"wp-block-heading\">Rechtsberatung f\u00fcr Digitalwirtschaft<\/h2>\n\n\n\n<p>We advise companies in the digital economy<\/p>\n\n\n\n<ul class=\"wp-block-list\">\n<li>Unternehmen der Informations- und Kommunikationstechnologie (IKT):&nbsp;\n<ul class=\"wp-block-list\">\n<li>Softwareentwickler<\/li>\n\n\n\n<li>IT-Dienstleister<\/li>\n\n\n\n<li>Anbieter K\u00fcnstliche Intelligenz (KI)<\/li>\n<\/ul>\n<\/li>\n\n\n\n<li>Unternehmen mit digitalen Gesch\u00e4ftsmodellen und Diensten:\n<ul class=\"wp-block-list\">\n<li>E-Commerce-Anbieter<\/li>\n\n\n\n<li>Plattformbetreiber<\/li>\n\n\n\n<li>E-Mobility-Dienstleister<\/li>\n\n\n\n<li>Digital Content (Media)<\/li>\n\n\n\n<li>Digital Marketing<\/li>\n<\/ul>\n<\/li>\n\n\n\n<li>Areas of Application (Transformation)\n<ul class=\"wp-block-list\">\n<li>Unternehmen der Digital Health:&nbsp;\n<ul class=\"wp-block-list\">\n<li>Telemedicine<\/li>\n\n\n\n<li>Health apps.<\/li>\n<\/ul>\n<\/li>\n<\/ul>\n<\/li>\n<\/ul>\n\n\n\n<p>We support companies in the digital economy with flexible legal solutions\u2014as an external legal department, on an interim basis, or on a project-by-project basis. Our work is based on a combination of legal expertise and technological understanding. Our recommendations are practical and designed for feasible implementation.<\/p>\n\n\n\n<div class=\"wp-block-buttons is-layout-flex wp-block-buttons-is-layout-flex\" style=\"margin-top:0;margin-bottom:0;padding-right:var(--wp--preset--spacing--30);padding-left:var(--wp--preset--spacing--30)\">\n<div class=\"wp-block-button is-style-ext-preset--button--natural-1--button-1 is-style-ext-preset--button--natural-1--button-1--5\"><a class=\"wp-block-button__link wp-element-button\" href=\"https:\/\/anda-law.com\/en\/loesungen\/\" style=\"border-top-left-radius:14px;border-top-right-radius:14px;border-bottom-left-radius:14px;border-bottom-right-radius:14px\">Learn more<\/a><\/div>\n<\/div>\n<\/div><\/div>\n<\/div>\n\n\n\n<div class=\"wp-block-group alignwide is-style-ext-preset--group--natural-1--section has-background-background-color has-background is-layout-flow wp-block-group-is-layout-flow\" style=\"border-top-left-radius:0px;border-top-right-radius:0px;border-bottom-left-radius:0px;border-bottom-right-radius:0px;margin-top:0;margin-bottom:0;padding-top:var(--wp--preset--spacing--55);padding-right:0;padding-bottom:var(--wp--preset--spacing--55);padding-left:0\">\n<div class=\"wp-block-columns alignwide are-vertically-aligned-center is-layout-flex wp-container-core-columns-is-layout-73d3e79b wp-block-columns-is-layout-flex\">\n<div class=\"wp-block-column is-vertically-aligned-center is-layout-flow wp-block-column-is-layout-flow\" style=\"padding-right:var(--wp--preset--spacing--30);padding-left:var(--wp--preset--spacing--30)\">\n<h2 class=\"wp-block-heading has-large-font-size\">Discover our solutions<\/h2>\n<\/div>\n\n\n\n<div class=\"wp-block-column is-vertically-aligned-center is-layout-flow wp-block-column-is-layout-flow\" style=\"padding-top:0;padding-right:0;padding-bottom:0;padding-left:0;flex-basis:750px\">\n<div class=\"wp-block-buttons is-content-justification-left is-layout-flex wp-container-core-buttons-is-layout-aaa50503 wp-block-buttons-is-layout-flex\" style=\"padding-top:0;padding-right:0;padding-bottom:0;padding-left:0\">\n<div class=\"wp-block-button is-style-ext-preset--button--natural-1--button-1 is-style-ext-preset--button--natural-1--button-1--7\"><a class=\"wp-block-button__link wp-element-button\" href=\"https:\/\/anda-law.com\/en\/loesungen\/\" style=\"border-top-left-radius:14px;border-top-right-radius:14px;border-bottom-left-radius:14px;border-bottom-right-radius:14px\" target=\"_blank\" rel=\"noreferrer noopener\">Our Solutions<\/a><\/div>\n<\/div>\n<\/div>\n<\/div>\n<\/div>\n\n\n\n<div class=\"wp-block-group alignwide is-style-ext-preset--group--natural-1--section has-tertiary-background-color has-background is-layout-flow wp-block-group-is-layout-flow\" style=\"border-top-left-radius:28px;border-top-right-radius:28px;border-bottom-left-radius:28px;border-bottom-right-radius:28px;margin-top:var(--wp--preset--spacing--30);margin-bottom:var(--wp--preset--spacing--30);padding-top:var(--wp--preset--spacing--55);padding-bottom:var(--wp--preset--spacing--55)\">\n<div class=\"wp-block-columns alignwide is-layout-flex wp-container-core-columns-is-layout-174606dc wp-block-columns-is-layout-flex\">\n<div class=\"wp-block-column is-vertically-aligned-top is-layout-flow wp-block-column-is-layout-flow\" style=\"padding-top:0;padding-right:var(--wp--preset--spacing--30);padding-bottom:0;padding-left:var(--wp--preset--spacing--30)\">\n<h2 class=\"wp-block-heading has-large-font-size\">Contact us for an initial consultation<\/h2>\n<\/div>\n\n\n\n<div class=\"wp-block-column is-layout-flow wp-block-column-is-layout-flow\" style=\"flex-basis:750px\">\n<p>We would be happy to explore how we can support your company within your industry.<\/p>\n\n\n\n<div class=\"wp-block-buttons is-layout-flex wp-block-buttons-is-layout-flex\" style=\"padding-right:0;padding-left:0\">\n<div class=\"wp-block-button is-style-ext-preset--button--natural-1--button-1 is-style-ext-preset--button--natural-1--button-1--9\"><a class=\"wp-block-button__link has-primary-color has-custom-color-1-background-color has-text-color has-background has-link-color wp-element-button\" href=\"https:\/\/anda-law.com\/en\/kontakt\/\" style=\"border-top-left-radius:14px;border-top-right-radius:14px;border-bottom-left-radius:14px;border-bottom-right-radius:14px;padding-right:var(--wp--preset--spacing--30);padding-left:var(--wp--preset--spacing--30)\" target=\"_blank\" rel=\"noreferrer noopener\">Contact us<\/a><\/div>\n<\/div>\n<\/div>\n<\/div>\n<\/div>","protected":false},"excerpt":{"rendered":"<p>Rechtsberatung f\u00fcr Healthcare, Life Sciences und Digitalwirtschaft Unsere Rechtsberatung und L\u00f6sungen, wie externe Rechtsabteilung, Projektunterst\u00fctzung, Interim-Support, richten sich vor allem an Unternehmen, die in stark regulierten und digitalen Branchen agieren. Durch unsere langj\u00e4hrige Erfahrung im regulierten Sektor kennen wir die branchenspezifischen Anforderungen, relevanten Rechtsgebiete sowie besonderen Compliance-Anforderungen genau und k\u00f6nnen schnell und ohne lange Einarbeitung [&hellip;]<\/p>\n","protected":false},"author":1,"featured_media":0,"parent":0,"menu_order":0,"comment_status":"closed","ping_status":"closed","template":"page-with-title","meta":{"footnotes":""},"class_list":["post-270","page","type-page","status-publish","hentry"],"yoast_head":"<!-- This site is optimized with the Yoast SEO plugin v27.4 - https:\/\/yoast.com\/product\/yoast-seo-wordpress\/ -->\n<title>Rechtsberatung f\u00fcr Healthcare und Digitalwirtschaft - ANDA Legal Services &amp; Strategies<\/title>\n<meta name=\"description\" content=\"Rechtsberatung f\u00fcr Healthcare, Pharma, IT, Digitalwirtschaft. Expertise in Regulierung und speziellen Compliance-Anforderungen.\" \/>\n<meta name=\"robots\" content=\"index, follow, max-snippet:-1, max-image-preview:large, max-video-preview:-1\" \/>\n<link rel=\"canonical\" href=\"https:\/\/anda-law.com\/en\/fokusbranchen\/\" \/>\n<meta property=\"og:locale\" content=\"en_GB\" \/>\n<meta property=\"og:type\" content=\"article\" \/>\n<meta property=\"og:title\" content=\"Rechtsberatung f\u00fcr Healthcare und Digitalwirtschaft - ANDA Legal Services &amp; Strategies\" \/>\n<meta property=\"og:description\" content=\"Rechtsberatung f\u00fcr Healthcare, Pharma, IT, Digitalwirtschaft. Expertise in Regulierung und speziellen Compliance-Anforderungen.\" \/>\n<meta property=\"og:url\" content=\"https:\/\/anda-law.com\/en\/fokusbranchen\/\" \/>\n<meta property=\"og:site_name\" content=\"ANDA Legal Services &amp; Strategies\" \/>\n<meta property=\"article:modified_time\" content=\"2026-03-13T10:03:09+00:00\" \/>\n<meta property=\"og:image\" content=\"https:\/\/anda-law.com\/wp-content\/uploads\/2026\/02\/iStock-2228153181.jpg\" \/>\n\t<meta property=\"og:image:width\" content=\"2448\" \/>\n\t<meta property=\"og:image:height\" content=\"1224\" \/>\n\t<meta property=\"og:image:type\" content=\"image\/jpeg\" \/>\n<meta name=\"twitter:card\" content=\"summary_large_image\" \/>\n<meta name=\"twitter:label1\" content=\"Estimated reading time\" \/>\n\t<meta name=\"twitter:data1\" content=\"2 minutes\" \/>\n<script type=\"application\/ld+json\" class=\"yoast-schema-graph\">{\"@context\":\"https:\\\/\\\/schema.org\",\"@graph\":[{\"@type\":\"WebPage\",\"@id\":\"https:\\\/\\\/anda-law.com\\\/fokusbranchen\\\/\",\"url\":\"https:\\\/\\\/anda-law.com\\\/fokusbranchen\\\/\",\"name\":\"Rechtsberatung f\u00fcr Healthcare und Digitalwirtschaft - ANDA Legal Services &amp; Strategies\",\"isPartOf\":{\"@id\":\"https:\\\/\\\/anda-law.com\\\/#website\"},\"primaryImageOfPage\":{\"@id\":\"https:\\\/\\\/anda-law.com\\\/fokusbranchen\\\/#primaryimage\"},\"image\":{\"@id\":\"https:\\\/\\\/anda-law.com\\\/fokusbranchen\\\/#primaryimage\"},\"thumbnailUrl\":\"https:\\\/\\\/anda-law.com\\\/wp-content\\\/uploads\\\/2026\\\/02\\\/iStock-2228153181-1024x512.jpg\",\"datePublished\":\"2026-01-24T11:29:40+00:00\",\"dateModified\":\"2026-03-13T10:03:09+00:00\",\"description\":\"Rechtsberatung f\u00fcr Healthcare, Pharma, IT, Digitalwirtschaft. Expertise in Regulierung und speziellen Compliance-Anforderungen.\",\"breadcrumb\":{\"@id\":\"https:\\\/\\\/anda-law.com\\\/fokusbranchen\\\/#breadcrumb\"},\"inLanguage\":\"en-GB\",\"potentialAction\":[{\"@type\":\"ReadAction\",\"target\":[\"https:\\\/\\\/anda-law.com\\\/fokusbranchen\\\/\"]}]},{\"@type\":\"ImageObject\",\"inLanguage\":\"en-GB\",\"@id\":\"https:\\\/\\\/anda-law.com\\\/fokusbranchen\\\/#primaryimage\",\"url\":\"https:\\\/\\\/anda-law.com\\\/wp-content\\\/uploads\\\/2026\\\/02\\\/iStock-2228153181-1024x512.jpg\",\"contentUrl\":\"https:\\\/\\\/anda-law.com\\\/wp-content\\\/uploads\\\/2026\\\/02\\\/iStock-2228153181-1024x512.jpg\"},{\"@type\":\"BreadcrumbList\",\"@id\":\"https:\\\/\\\/anda-law.com\\\/fokusbranchen\\\/#breadcrumb\",\"itemListElement\":[{\"@type\":\"ListItem\",\"position\":1,\"name\":\"Start\",\"item\":\"https:\\\/\\\/anda-law.com\\\/\"},{\"@type\":\"ListItem\",\"position\":2,\"name\":\"Branchen\"}]},{\"@type\":\"WebSite\",\"@id\":\"https:\\\/\\\/anda-law.com\\\/#website\",\"url\":\"https:\\\/\\\/anda-law.com\\\/\",\"name\":\"Legal Services & Strategies\",\"description\":\"Flexible und strategische Rechtsberatung - externe Rechtsabteilung, Projekt-, Interim-Support\",\"publisher\":{\"@id\":\"https:\\\/\\\/anda-law.com\\\/#organization\"},\"potentialAction\":[{\"@type\":\"SearchAction\",\"target\":{\"@type\":\"EntryPoint\",\"urlTemplate\":\"https:\\\/\\\/anda-law.com\\\/?s={search_term_string}\"},\"query-input\":{\"@type\":\"PropertyValueSpecification\",\"valueRequired\":true,\"valueName\":\"search_term_string\"}}],\"inLanguage\":\"en-GB\"},{\"@type\":\"Organization\",\"@id\":\"https:\\\/\\\/anda-law.com\\\/#organization\",\"name\":\"ANDA Rechtsanw\u00e4lte\",\"url\":\"https:\\\/\\\/anda-law.com\\\/\",\"logo\":{\"@type\":\"ImageObject\",\"inLanguage\":\"en-GB\",\"@id\":\"https:\\\/\\\/anda-law.com\\\/#\\\/schema\\\/logo\\\/image\\\/\",\"url\":\"https:\\\/\\\/anda-law.com\\\/wp-content\\\/uploads\\\/2026\\\/03\\\/logo-neu-9-Kopie.png\",\"contentUrl\":\"https:\\\/\\\/anda-law.com\\\/wp-content\\\/uploads\\\/2026\\\/03\\\/logo-neu-9-Kopie.png\",\"width\":2000,\"height\":2000,\"caption\":\"ANDA Rechtsanw\u00e4lte\"},\"image\":{\"@id\":\"https:\\\/\\\/anda-law.com\\\/#\\\/schema\\\/logo\\\/image\\\/\"},\"sameAs\":[\"https:\\\/\\\/www.linkedin.com\\\/company\\\/anda-law\"]}]}<\/script>\n<!-- \/ Yoast SEO plugin. -->","yoast_head_json":{"title":"Rechtsberatung f\u00fcr Healthcare und Digitalwirtschaft - ANDA Legal Services &amp; Strategies","description":"Rechtsberatung f\u00fcr Healthcare, Pharma, IT, Digitalwirtschaft. Expertise in Regulierung und speziellen Compliance-Anforderungen.","robots":{"index":"index","follow":"follow","max-snippet":"max-snippet:-1","max-image-preview":"max-image-preview:large","max-video-preview":"max-video-preview:-1"},"canonical":"https:\/\/anda-law.com\/en\/fokusbranchen\/","og_locale":"en_GB","og_type":"article","og_title":"Rechtsberatung f\u00fcr Healthcare und Digitalwirtschaft - ANDA Legal Services &amp; Strategies","og_description":"Rechtsberatung f\u00fcr Healthcare, Pharma, IT, Digitalwirtschaft. Expertise in Regulierung und speziellen Compliance-Anforderungen.","og_url":"https:\/\/anda-law.com\/en\/fokusbranchen\/","og_site_name":"ANDA Legal Services &amp; Strategies","article_modified_time":"2026-03-13T10:03:09+00:00","og_image":[{"width":2448,"height":1224,"url":"https:\/\/anda-law.com\/wp-content\/uploads\/2026\/02\/iStock-2228153181.jpg","type":"image\/jpeg"}],"twitter_card":"summary_large_image","twitter_misc":{"Estimated reading time":"2 minutes"},"schema":{"@context":"https:\/\/schema.org","@graph":[{"@type":"WebPage","@id":"https:\/\/anda-law.com\/fokusbranchen\/","url":"https:\/\/anda-law.com\/fokusbranchen\/","name":"Rechtsberatung f\u00fcr Healthcare und Digitalwirtschaft - ANDA Legal Services &amp; Strategies","isPartOf":{"@id":"https:\/\/anda-law.com\/#website"},"primaryImageOfPage":{"@id":"https:\/\/anda-law.com\/fokusbranchen\/#primaryimage"},"image":{"@id":"https:\/\/anda-law.com\/fokusbranchen\/#primaryimage"},"thumbnailUrl":"https:\/\/anda-law.com\/wp-content\/uploads\/2026\/02\/iStock-2228153181-1024x512.jpg","datePublished":"2026-01-24T11:29:40+00:00","dateModified":"2026-03-13T10:03:09+00:00","description":"Rechtsberatung f\u00fcr Healthcare, Pharma, IT, Digitalwirtschaft. Expertise in Regulierung und speziellen Compliance-Anforderungen.","breadcrumb":{"@id":"https:\/\/anda-law.com\/fokusbranchen\/#breadcrumb"},"inLanguage":"en-GB","potentialAction":[{"@type":"ReadAction","target":["https:\/\/anda-law.com\/fokusbranchen\/"]}]},{"@type":"ImageObject","inLanguage":"en-GB","@id":"https:\/\/anda-law.com\/fokusbranchen\/#primaryimage","url":"https:\/\/anda-law.com\/wp-content\/uploads\/2026\/02\/iStock-2228153181-1024x512.jpg","contentUrl":"https:\/\/anda-law.com\/wp-content\/uploads\/2026\/02\/iStock-2228153181-1024x512.jpg"},{"@type":"BreadcrumbList","@id":"https:\/\/anda-law.com\/fokusbranchen\/#breadcrumb","itemListElement":[{"@type":"ListItem","position":1,"name":"Start","item":"https:\/\/anda-law.com\/"},{"@type":"ListItem","position":2,"name":"Branchen"}]},{"@type":"WebSite","@id":"https:\/\/anda-law.com\/#website","url":"https:\/\/anda-law.com\/","name":"Legal Services & Strategies","description":"Flexible und strategische Rechtsberatung - externe Rechtsabteilung, Projekt-, Interim-Support","publisher":{"@id":"https:\/\/anda-law.com\/#organization"},"potentialAction":[{"@type":"SearchAction","target":{"@type":"EntryPoint","urlTemplate":"https:\/\/anda-law.com\/?s={search_term_string}"},"query-input":{"@type":"PropertyValueSpecification","valueRequired":true,"valueName":"search_term_string"}}],"inLanguage":"en-GB"},{"@type":"Organization","@id":"https:\/\/anda-law.com\/#organization","name":"ANDA Legal Services &amp; Strategies","url":"https:\/\/anda-law.com\/","logo":{"@type":"ImageObject","inLanguage":"en-GB","@id":"https:\/\/anda-law.com\/#\/schema\/logo\/image\/","url":"https:\/\/anda-law.com\/wp-content\/uploads\/2026\/03\/logo-neu-9-Kopie.png","contentUrl":"https:\/\/anda-law.com\/wp-content\/uploads\/2026\/03\/logo-neu-9-Kopie.png","width":2000,"height":2000,"caption":"ANDA Rechtsanw\u00e4lte"},"image":{"@id":"https:\/\/anda-law.com\/#\/schema\/logo\/image\/"},"sameAs":["https:\/\/www.linkedin.com\/company\/anda-law"]}]}},"rttpg_featured_image_url":null,"rttpg_author":{"display_name":"admin","author_link":"https:\/\/anda-law.com\/en\/author\/admin\/"},"rttpg_comment":0,"rttpg_category":null,"rttpg_excerpt":"Rechtsberatung f\u00fcr Healthcare, Life Sciences und Digitalwirtschaft Unsere Rechtsberatung und L\u00f6sungen, wie externe Rechtsabteilung, Projektunterst\u00fctzung, Interim-Support, richten sich vor allem an Unternehmen, die in stark regulierten und digitalen Branchen agieren. Durch unsere langj\u00e4hrige Erfahrung im regulierten Sektor kennen wir die branchenspezifischen Anforderungen, relevanten Rechtsgebiete sowie besonderen Compliance-Anforderungen genau und k\u00f6nnen schnell und ohne lange Einarbeitung&hellip;","_links":{"self":[{"href":"https:\/\/anda-law.com\/en\/wp-json\/wp\/v2\/pages\/270","targetHints":{"allow":["GET"]}}],"collection":[{"href":"https:\/\/anda-law.com\/en\/wp-json\/wp\/v2\/pages"}],"about":[{"href":"https:\/\/anda-law.com\/en\/wp-json\/wp\/v2\/types\/page"}],"author":[{"embeddable":true,"href":"https:\/\/anda-law.com\/en\/wp-json\/wp\/v2\/users\/1"}],"replies":[{"embeddable":true,"href":"https:\/\/anda-law.com\/en\/wp-json\/wp\/v2\/comments?post=270"}],"version-history":[{"count":476,"href":"https:\/\/anda-law.com\/en\/wp-json\/wp\/v2\/pages\/270\/revisions"}],"predecessor-version":[{"id":4831,"href":"https:\/\/anda-law.com\/en\/wp-json\/wp\/v2\/pages\/270\/revisions\/4831"}],"wp:attachment":[{"href":"https:\/\/anda-law.com\/en\/wp-json\/wp\/v2\/media?parent=270"}],"curies":[{"name":"wp","href":"https:\/\/api.w.org\/{rel}","templated":true}]}}