{"id":29,"date":"2025-12-29T11:04:49","date_gmt":"2025-12-29T11:04:49","guid":{"rendered":"https:\/\/anda-law.com\/start\/"},"modified":"2026-04-08T10:02:19","modified_gmt":"2026-04-08T10:02:19","slug":"start","status":"publish","type":"page","link":"https:\/\/anda-law.com\/en\/","title":{"rendered":"Start"},"content":{"rendered":"<div class=\"wp-block-group alignwide is-style-ext-preset--group--natural-1--section has-tertiary-background-color has-background is-layout-flow wp-block-group-is-layout-flow\" style=\"border-top-left-radius:28px;border-top-right-radius:28px;border-bottom-left-radius:28px;border-bottom-right-radius:28px;margin-top:var(--wp--preset--spacing--30);margin-bottom:var(--wp--preset--spacing--30);padding-top:var(--wp--preset--spacing--50);padding-bottom:var(--wp--preset--spacing--55)\">\n<div class=\"wp-block-columns alignwide is-layout-flex wp-container-core-columns-is-layout-08c01c1c wp-block-columns-is-layout-flex\">\n<div class=\"wp-block-column is-vertically-aligned-stretch is-layout-flow wp-block-column-is-layout-flow\">\n<figure class=\"wp-block-image has-custom-border is-style-ext-preset--image--natural-1--image-1--content-left is-style-ext-preset--image--natural-1--image-1--content-left--2\"><img loading=\"lazy\" decoding=\"async\" width=\"2309\" height=\"1299\" src=\"https:\/\/anda-law.com\/wp-content\/uploads\/2026\/02\/iStock-2216163156-1.jpg\" alt=\"\" class=\"wp-image-4633\" style=\"border-top-left-radius:28px;border-top-right-radius:28px;border-bottom-left-radius:28px;border-bottom-right-radius:28px\" srcset=\"https:\/\/anda-law.com\/wp-content\/uploads\/2026\/02\/iStock-2216163156-1.jpg 2309w, https:\/\/anda-law.com\/wp-content\/uploads\/2026\/02\/iStock-2216163156-1-300x169.jpg 300w, https:\/\/anda-law.com\/wp-content\/uploads\/2026\/02\/iStock-2216163156-1-1024x576.jpg 1024w, https:\/\/anda-law.com\/wp-content\/uploads\/2026\/02\/iStock-2216163156-1-768x432.jpg 768w, https:\/\/anda-law.com\/wp-content\/uploads\/2026\/02\/iStock-2216163156-1-1536x864.jpg 1536w, https:\/\/anda-law.com\/wp-content\/uploads\/2026\/02\/iStock-2216163156-1-2048x1152.jpg 2048w, https:\/\/anda-law.com\/wp-content\/uploads\/2026\/02\/iStock-2216163156-1-18x10.jpg 18w\" sizes=\"auto, (max-width: 2309px) 100vw, 2309px\" \/><\/figure>\n<\/div>\n\n\n\n<div class=\"wp-block-column is-vertically-aligned-stretch is-layout-flow wp-block-column-is-layout-flow\">\n<div class=\"wp-block-group alignwide is-style-ext-preset--group--natural-1--item-card-1--align-start is-nowrap is-layout-flex wp-container-core-group-is-layout-bcde1d39 wp-block-group-is-layout-flex is-style-ext-preset--group--natural-1--item-card-1--align-start--3\" style=\"border-top-left-radius:28px;border-top-right-radius:28px;border-bottom-left-radius:28px;border-bottom-right-radius:28px;min-height:100%;padding-top:0;padding-right:0;padding-bottom:0;padding-left:0\">\n<div class=\"wp-block-group alignwide is-vertical is-layout-flex wp-container-core-group-is-layout-4347e2ee wp-block-group-is-layout-flex\" style=\"border-top-left-radius:28px;border-top-right-radius:28px;border-bottom-left-radius:28px;border-bottom-right-radius:28px;padding-top:0;padding-right:0;padding-bottom:0;padding-left:0\">\n<div class=\"wp-block-group has-global-padding is-layout-constrained wp-container-core-group-is-layout-812d5580 wp-block-group-is-layout-constrained\" style=\"padding-top:0;padding-right:0;padding-bottom:0;padding-left:0\">\n<h2 class=\"wp-block-heading has-large-font-size\" style=\"font-style:normal;font-weight:500;line-height:1.2\">Strategische Rechtsberatung f\u00fcr Healthcare, Life Sciences und Digitalwirtschaft<\/h2>\n\n\n\n<h3 class=\"wp-block-heading has-medium-font-size\" style=\"font-style:normal;font-weight:400\">Externe Rechtsabteilung, Interim\u2011Support und projektbezogene Beratung in allen g\u00e4ngigen In\u2011House\u2011Rechtsbereichen f\u00fcr Healthcare, Pharma, Life Sciences, IT, Digital.<\/h3>\n<\/div>\n\n\n\n<div class=\"wp-block-buttons is-layout-flex wp-block-buttons-is-layout-flex\">\n<div class=\"wp-block-button is-style-ext-preset--button--natural-1--button-1 is-style-ext-preset--button--natural-1--button-1--4\"><a class=\"wp-block-button__link wp-element-button\" href=\"https:\/\/anda-law.com\/en\/fokusbranchen\/\" style=\"border-top-left-radius:14px;border-top-right-radius:14px;border-bottom-left-radius:14px;border-bottom-right-radius:14px\">Our focus industries<\/a><\/div>\n<\/div>\n<\/div>\n<\/div>\n<\/div>\n<\/div>\n<\/div>\n\n\n\n<div class=\"wp-block-group alignfull is-style-ext-preset--group--natural-1--section has-background-background-color has-background is-layout-flow wp-container-core-group-is-layout-bae17ca3 wp-block-group-is-layout-flow\" id=\"dienstleistungen\" style=\"margin-top:0;margin-bottom:0;padding-top:0;padding-bottom:0\">\n<div class=\"wp-block-group is-layout-flow wp-block-group-is-layout-flow\">\n<div class=\"wp-block-group has-global-padding is-layout-constrained wp-block-group-is-layout-constrained\">\n<div class=\"wp-block-group is-style-ext-preset--group--natural-1--item-card-1--align-center has-global-padding is-layout-constrained wp-block-group-is-layout-constrained is-style-ext-preset--group--natural-1--item-card-1--align-center--6\">\n<div class=\"wp-block-group is-style-default has-background-background-color has-background has-global-padding is-layout-constrained wp-block-group-is-layout-constrained\">\n<h3 class=\"wp-block-heading has-text-align-center has-large-font-size\">Our Solutions<\/h3>\n\n\n\n<p class=\"has-text-align-center\" style=\"font-size:clamp(0.875rem, 0.875rem + ((1vw - 0.2rem) * 0.363), 1.1rem);\">Discover our range of industry-focused legal services, which you can select according to your individual needs.<\/p>\n\n\n\n<div class=\"wp-block-buttons is-content-justification-center is-layout-flex wp-container-core-buttons-is-layout-a89b3969 wp-block-buttons-is-layout-flex\">\n<div class=\"wp-block-button is-style-outline is-style-outline--7\"><a class=\"wp-block-button__link has-custom-color-3-color has-background-background-color has-text-color has-background has-link-color wp-element-button\" href=\"https:\/\/anda-law.com\/en\/loesungen\/\" style=\"border-top-left-radius:14px;border-top-right-radius:14px;border-bottom-left-radius:14px;border-bottom-right-radius:14px\" target=\"_blank\" rel=\"noreferrer noopener\">Overview<\/a><\/div>\n<\/div>\n<\/div>\n\n\n\n<div class=\"wp-block-group is-style-default has-background-background-color has-background has-global-padding is-layout-constrained wp-block-group-is-layout-constrained\">\n<figure class=\"wp-block-image aligncenter size-large is-resized ext-aspect-landscape wp-duotone-rgb2551360-rgb2551360-8\"><img decoding=\"async\" src=\"data:image\/svg+xml;base64,PHN2ZyB4bWxucz0iaHR0cDovL3d3dy53My5vcmcvMjAwMC9zdmciIHdpZHRoPSI0OCIgaGVpZ2h0PSI0OCIgZmlsbD0iIzAwMDAwMCIgdmlld0JveD0iMCAwIDI1NiAyNTYiPjxwYXRoIGQ9Ik0xNzIsNzZhNDQsNDQsMCwxLDAtNDQsNDRBNDQuMDUsNDQuMDUsMCwwLDAsMTcyLDc2Wm0tNDQsMjhhMjgsMjgsMCwxLDEsMjgtMjhBMjgsMjgsMCwwLDEsMTI4LDEwNFptNjAsMjRhNDQsNDQsMCwxLDAsNDQsNDRBNDQuMDUsNDQuMDUsMCwwLDAsMTg4LDEyOFptMCw3MmEyOCwyOCwwLDEsMSwyOC0yOEEyOCwyOCwwLDAsMSwxODgsMjAwWk02OCwxMjhhNDQsNDQsMCwxLDAsNDQsNDRBNDQuMDUsNDQuMDUsMCwwLDAsNjgsMTI4Wm0wLDcyYTI4LDI4LDAsMSwxLDI4LTI4QTI4LDI4LDAsMCwxLDY4LDIwMFoiPjwvcGF0aD48L3N2Zz4=\" alt=\"\" style=\"object-fit:cover;width:48px;height:auto\"\/><\/figure>\n\n\n\n<h3 class=\"wp-block-heading has-text-align-center has-large-font-size\">External Legal Department <\/h3>\n\n\n\n<p class=\"has-text-align-center\" style=\"font-size:clamp(0.875rem, 0.875rem + ((1vw - 0.2rem) * 0.363), 1.1rem);\">Als externe Rechtsabteilung (External Legal Counsel) f\u00fcr Start-ups sowie kleine und mittelgro\u00dfe Unternehmen, oder aber auch Erg\u00e4nzung f\u00fcr gro\u00dfe Unternehmen, arbeiten wir eng und partnerschaftlich mit Ihrem Unternehmen zusammen. Wir beraten auf Grundlage Ihres Gesch\u00e4ftsmodells, Ihrer Risikoparameter und Ihrer unternehmerischen Ziele und entwickeln rechtliche L\u00f6sungen, die sich nahtlos an Ihren Prozessen, Strukturen und Priorit\u00e4ten orientieren.<\/p>\n\n\n\n<p class=\"has-text-align-center\" style=\"font-size:clamp(0.875rem, 0.875rem + ((1vw - 0.2rem) * 0.363), 1.1rem);\">Our aim is to provide continuous, reliable, and pragmatic support in your day-to-day business\u2014from clarifying individual legal issues at short notice to providing long-term support for your growth. Our goal is to ensure that legal requirements do not slow you down, but rather strengthen and secure your business.<\/p>\n\n\n\n<div class=\"wp-block-buttons is-content-justification-center is-layout-flex wp-container-core-buttons-is-layout-a89b3969 wp-block-buttons-is-layout-flex\">\n<div class=\"wp-block-button is-style-outline is-style-outline--9\"><a class=\"wp-block-button__link has-custom-color-3-color has-background-background-color has-text-color has-background has-link-color wp-element-button\" href=\"https:\/\/anda-law.com\/en\/loesungen\/\" style=\"border-top-left-radius:14px;border-top-right-radius:14px;border-bottom-left-radius:14px;border-bottom-right-radius:14px\" target=\"_blank\" rel=\"noreferrer noopener\">Learn more<\/a><\/div>\n<\/div>\n<\/div>\n\n\n\n<div class=\"wp-block-group is-style-default has-global-padding is-layout-constrained wp-block-group-is-layout-constrained\">\n<figure class=\"wp-block-image aligncenter size-large ext-aspect-landscape wp-duotone-rgb2551360-rgb2551360-10\"><img decoding=\"async\" src=\"data:image\/svg+xml;base64,PHN2ZyB4bWxucz0iaHR0cDovL3d3dy53My5vcmcvMjAwMC9zdmciIHdpZHRoPSI0OCIgaGVpZ2h0PSI0OCIgZmlsbD0iIzAwMDAwMCIgdmlld0JveD0iMCAwIDI1NiAyNTYiPjxwYXRoIGQ9Ik0xNzIsNzZhNDQsNDQsMCwxLDAtNDQsNDRBNDQuMDUsNDQuMDUsMCwwLDAsMTcyLDc2Wm0tNDQsMjhhMjgsMjgsMCwxLDEsMjgtMjhBMjgsMjgsMCwwLDEsMTI4LDEwNFptNjAsMjRhNDQsNDQsMCwxLDAsNDQsNDRBNDQuMDUsNDQuMDUsMCwwLDAsMTg4LDEyOFptMCw3MmEyOCwyOCwwLDEsMSwyOC0yOEEyOCwyOCwwLDAsMSwxODgsMjAwWk02OCwxMjhhNDQsNDQsMCwxLDAsNDQsNDRBNDQuMDUsNDQuMDUsMCwwLDAsNjgsMTI4Wm0wLDcyYTI4LDI4LDAsMSwxLDI4LTI4QTI4LDI4LDAsMCwxLDY4LDIwMFoiPjwvcGF0aD48L3N2Zz4=\" alt=\"\" style=\"object-fit:cover\"\/><\/figure>\n\n\n\n<h3 class=\"wp-block-heading alignwide has-text-align-center has-large-font-size\">Project-Support<\/h3>\n\n\n\n<p class=\"has-text-align-center\" style=\"font-size:clamp(0.875rem, 0.875rem + ((1vw - 0.2rem) * 0.363), 1.1rem);\">Sie ben\u00f6tigen rechtliche Begleitung f\u00fcr&nbsp;Projekte, wie&nbsp;Markteintritte, Produkteinf\u00fchrungen, Marketingkampagnen, Digitale Gesundheitsanwendungen, Compliance\u2011Umsetzungen, Vertragsgestaltung inklusive Verhandlungen oder strategische Kooperationen?<\/p>\n\n\n\n<p class=\"has-text-align-center\" style=\"font-size:clamp(0.875rem, 0.875rem + ((1vw - 0.2rem) * 0.363), 1.1rem);\">We also cover these tasks with our extensive project experience. We provide support precisely where you need legal expertise\u2014in a structured, efficient manner and with a deep understanding of industry requirements and project processes.<\/p>\n\n\n\n<div class=\"wp-block-buttons is-content-justification-center is-layout-flex wp-container-core-buttons-is-layout-a89b3969 wp-block-buttons-is-layout-flex\">\n<div class=\"wp-block-button is-style-outline is-style-outline--11\"><a class=\"wp-block-button__link has-custom-color-3-color has-background-background-color has-text-color has-background has-link-color wp-element-button\" href=\"https:\/\/anda-law.com\/en\/loesungen\/\" style=\"border-top-left-radius:14px;border-top-right-radius:14px;border-bottom-left-radius:14px;border-bottom-right-radius:14px\" target=\"_blank\" rel=\"noreferrer noopener\">Learn more<\/a><\/div>\n<\/div>\n<\/div>\n\n\n\n<div class=\"wp-block-group is-style-default has-global-padding is-layout-constrained wp-block-group-is-layout-constrained\">\n<figure class=\"wp-block-image aligncenter size-large ext-aspect-landscape wp-duotone-rgb2551360-rgb2551360-12\"><img decoding=\"async\" src=\"data:image\/svg+xml;base64,PHN2ZyB4bWxucz0iaHR0cDovL3d3dy53My5vcmcvMjAwMC9zdmciIHdpZHRoPSI0OCIgaGVpZ2h0PSI0OCIgZmlsbD0iIzAwMDAwMCIgdmlld0JveD0iMCAwIDI1NiAyNTYiPjxwYXRoIGQ9Ik0xNzIsNzZhNDQsNDQsMCwxLDAtNDQsNDRBNDQuMDUsNDQuMDUsMCwwLDAsMTcyLDc2Wm0tNDQsMjhhMjgsMjgsMCwxLDEsMjgtMjhBMjgsMjgsMCwwLDEsMTI4LDEwNFptNjAsMjRhNDQsNDQsMCwxLDAsNDQsNDRBNDQuMDUsNDQuMDUsMCwwLDAsMTg4LDEyOFptMCw3MmEyOCwyOCwwLDEsMSwyOC0yOEEyOCwyOCwwLDAsMSwxODgsMjAwWk02OCwxMjhhNDQsNDQsMCwxLDAsNDQsNDRBNDQuMDUsNDQuMDUsMCwwLDAsNjgsMTI4Wm0wLDcyYTI4LDI4LDAsMSwxLDI4LTI4QTI4LDI4LDAsMCwxLDY4LDIwMFoiPjwvcGF0aD48L3N2Zz4=\" alt=\"\" style=\"object-fit:cover\"\/><\/figure>\n\n\n\n<h3 class=\"wp-block-heading has-text-align-center has-large-font-size\">Interim support for flexible business needs<\/h3>\n\n\n\n<p class=\"has-text-align-center\" style=\"font-size:clamp(0.875rem, 0.875rem + ((1vw - 0.2rem) * 0.363), 1.1rem);\">We support companies of all sizes\u2014with or without their own legal department\u2014in bridging peaks or vacancies with our comprehensive, interdisciplinary expertise. Thanks to our many years of in-house experience and in-depth industry knowledge, we can get started right away and create added value immediately.<\/p>\n\n\n\n<p class=\"has-text-align-center\" style=\"font-size:clamp(0.875rem, 0.875rem + ((1vw - 0.2rem) * 0.363), 1.1rem);\">We offer flexible, reliable support exactly where it is needed: on a project basis, temporarily, or as additional capacity in day-to-day business. This allows you to remain capable of acting, efficient, and legally secure\u2014even in challenging times.<\/p>\n\n\n\n<div class=\"wp-block-buttons is-content-justification-center is-layout-flex wp-container-core-buttons-is-layout-a89b3969 wp-block-buttons-is-layout-flex\">\n<div class=\"wp-block-button is-style-outline is-style-outline--13\"><a class=\"wp-block-button__link has-custom-color-3-color has-background-background-color has-text-color has-background has-link-color wp-element-button\" href=\"https:\/\/anda-law.com\/en\/loesungen\/\" style=\"border-top-left-radius:14px;border-top-right-radius:14px;border-bottom-left-radius:14px;border-bottom-right-radius:14px\" target=\"_blank\" rel=\"noreferrer noopener\">Learn more<\/a><\/div>\n<\/div>\n<\/div>\n<\/div>\n<\/div>\n<\/div>\n<\/div>\n\n\n\n<div class=\"wp-block-group alignwide is-style-ext-preset--group--natural-1--section has-tertiary-background-color has-background is-layout-flow wp-block-group-is-layout-flow\" id=\"ueber-uns\" style=\"border-top-left-radius:28px;border-top-right-radius:28px;border-bottom-left-radius:28px;border-bottom-right-radius:28px;margin-top:var(--wp--preset--spacing--30);margin-bottom:var(--wp--preset--spacing--30);padding-top:var(--wp--preset--spacing--30);padding-bottom:var(--wp--preset--spacing--30)\">\n<div class=\"wp-block-group alignwide is-vertical is-content-justification-center is-layout-flex wp-container-core-group-is-layout-c9ee0c5a wp-block-group-is-layout-flex\">\n<h3 class=\"wp-block-heading has-text-align-center has-large-font-size\">Many years of in-house experience \u2013 deep understanding of processes, priorities, and business realities<\/h3>\n\n\n\n<p class=\"has-text-align-center\">We have extensive senior-level experience from internal legal departments. Our background includes providing comprehensive legal support for all issues arising within the company\u2014from labor law to customs law. We are familiar with working with management and departments such as sales, purchasing, HR, market access, marketing, product management, and IT from our daily practical experience.<\/p>\n\n\n\n<p class=\"has-text-align-center\">In addition, we are familiar with internal decision-making and approval processes, as well as the need to embed legal issues in strategy, projects, and operational processes in a pragmatic, understandable, and business-oriented manner. Our in-house perspective enables us to provide advice that is not only legally sound, but also efficient, solution-oriented, and entrepreneurial.<\/p>\n<\/div>\n\n\n\n<div class=\"wp-block-buttons is-content-justification-center is-layout-flex wp-container-core-buttons-is-layout-a89b3969 wp-block-buttons-is-layout-flex\">\n<div class=\"wp-block-button\"><a class=\"wp-block-button__link has-custom-color-2-color has-primary-background-color has-text-color has-background has-link-color wp-element-button\" href=\"https:\/\/anda-law.com\/en\/ueber\/\" style=\"border-top-left-radius:14px;border-top-right-radius:14px;border-bottom-left-radius:14px;border-bottom-right-radius:14px\" target=\"_blank\" rel=\"noreferrer noopener\">Learn more<\/a><\/div>\n<\/div>\n<\/div>","protected":false},"excerpt":{"rendered":"<p>Strategische Rechtsberatung f\u00fcr Healthcare, Life Sciences und Digitalwirtschaft Externe Rechtsabteilung, Interim\u2011Support und projektbezogene Beratung in allen g\u00e4ngigen In\u2011House\u2011Rechtsbereichen f\u00fcr Healthcare, Pharma, Life Sciences, IT, Digital. Unsere L\u00f6sungen Entdecken Sie unsere branchenspezifischen juristischen Dienstleistungen, die Sie flexibel und passgenau nach Ihren individuellen Anforderungen ausw\u00e4hlen k\u00f6nnen. Externe Rechtsabteilung Als externe Rechtsabteilung (External Legal Counsel) f\u00fcr Start-ups sowie [&hellip;]<\/p>\n","protected":false},"author":1,"featured_media":0,"parent":0,"menu_order":0,"comment_status":"closed","ping_status":"closed","template":"no-title","meta":{"footnotes":""},"class_list":["post-29","page","type-page","status-publish","hentry"],"yoast_head":"<!-- This site is optimized with the Yoast SEO plugin v27.4 - https:\/\/yoast.com\/product\/yoast-seo-wordpress\/ -->\n<title>Rechtsberatung f\u00fcr Healthcare, Pharma, IT und Digitalwirtschaft - ANDA Legal Services &amp; Strategies<\/title>\n<meta name=\"description\" content=\"Erfahrene Rechtsberatung f\u00fcr Healthcare, Pharma, Life Sciences, IT, Digital. Externe Rechtsabteilung, Projekt-Support und Interim-Support.\" \/>\n<meta name=\"robots\" content=\"index, follow, max-snippet:-1, max-image-preview:large, max-video-preview:-1\" \/>\n<link rel=\"canonical\" href=\"https:\/\/anda-law.com\/en\/\" \/>\n<meta property=\"og:locale\" content=\"en_GB\" \/>\n<meta property=\"og:type\" content=\"article\" \/>\n<meta property=\"og:title\" content=\"Rechtsberatung f\u00fcr Healthcare, Pharma, IT und Digitalwirtschaft - ANDA Legal Services &amp; Strategies\" \/>\n<meta property=\"og:description\" content=\"Erfahrene Rechtsberatung f\u00fcr Healthcare, Pharma, Life Sciences, IT, Digital. Externe Rechtsabteilung, Projekt-Support und Interim-Support.\" \/>\n<meta property=\"og:url\" content=\"https:\/\/anda-law.com\/en\/\" \/>\n<meta property=\"og:site_name\" content=\"ANDA Legal Services &amp; Strategies\" \/>\n<meta property=\"article:modified_time\" content=\"2026-04-08T10:02:19+00:00\" \/>\n<meta property=\"og:image\" content=\"https:\/\/anda-law.com\/wp-content\/uploads\/2026\/02\/iStock-2216163156-1.jpg\" \/>\n\t<meta property=\"og:image:width\" content=\"2309\" \/>\n\t<meta property=\"og:image:height\" content=\"1299\" \/>\n\t<meta property=\"og:image:type\" content=\"image\/jpeg\" \/>\n<meta name=\"twitter:card\" content=\"summary_large_image\" \/>\n<meta name=\"twitter:label1\" content=\"Estimated reading time\" \/>\n\t<meta name=\"twitter:data1\" content=\"3 minutes\" \/>\n<script type=\"application\/ld+json\" class=\"yoast-schema-graph\">{\"@context\":\"https:\\\/\\\/schema.org\",\"@graph\":[{\"@type\":\"WebPage\",\"@id\":\"https:\\\/\\\/anda-law.com\\\/\",\"url\":\"https:\\\/\\\/anda-law.com\\\/\",\"name\":\"Rechtsberatung f\u00fcr Healthcare, Pharma, IT und Digitalwirtschaft - ANDA Legal Services &amp; Strategies\",\"isPartOf\":{\"@id\":\"https:\\\/\\\/anda-law.com\\\/#website\"},\"primaryImageOfPage\":{\"@id\":\"https:\\\/\\\/anda-law.com\\\/#primaryimage\"},\"image\":{\"@id\":\"https:\\\/\\\/anda-law.com\\\/#primaryimage\"},\"thumbnailUrl\":\"https:\\\/\\\/anda-law.com\\\/wp-content\\\/uploads\\\/2026\\\/02\\\/iStock-2216163156-1.jpg\",\"datePublished\":\"2025-12-29T11:04:49+00:00\",\"dateModified\":\"2026-04-08T10:02:19+00:00\",\"description\":\"Erfahrene Rechtsberatung f\u00fcr Healthcare, Pharma, Life Sciences, IT, Digital. Externe Rechtsabteilung, Projekt-Support und Interim-Support.\",\"breadcrumb\":{\"@id\":\"https:\\\/\\\/anda-law.com\\\/#breadcrumb\"},\"inLanguage\":\"en-GB\",\"potentialAction\":[{\"@type\":\"ReadAction\",\"target\":[\"https:\\\/\\\/anda-law.com\\\/\"]}]},{\"@type\":\"ImageObject\",\"inLanguage\":\"en-GB\",\"@id\":\"https:\\\/\\\/anda-law.com\\\/#primaryimage\",\"url\":\"https:\\\/\\\/anda-law.com\\\/wp-content\\\/uploads\\\/2026\\\/02\\\/iStock-2216163156-1.jpg\",\"contentUrl\":\"https:\\\/\\\/anda-law.com\\\/wp-content\\\/uploads\\\/2026\\\/02\\\/iStock-2216163156-1.jpg\"},{\"@type\":\"BreadcrumbList\",\"@id\":\"https:\\\/\\\/anda-law.com\\\/#breadcrumb\",\"itemListElement\":[{\"@type\":\"ListItem\",\"position\":1,\"name\":\"Start\",\"item\":\"https:\\\/\\\/anda-law.com\\\/\"},{\"@type\":\"ListItem\",\"position\":2,\"name\":\"Start\"}]},{\"@type\":\"WebSite\",\"@id\":\"https:\\\/\\\/anda-law.com\\\/#website\",\"url\":\"https:\\\/\\\/anda-law.com\\\/\",\"name\":\"Legal Services & Strategies\",\"description\":\"Flexible und strategische Rechtsberatung - externe Rechtsabteilung, Projekt-, Interim-Support\",\"publisher\":{\"@id\":\"https:\\\/\\\/anda-law.com\\\/#organization\"},\"potentialAction\":[{\"@type\":\"SearchAction\",\"target\":{\"@type\":\"EntryPoint\",\"urlTemplate\":\"https:\\\/\\\/anda-law.com\\\/?s={search_term_string}\"},\"query-input\":{\"@type\":\"PropertyValueSpecification\",\"valueRequired\":true,\"valueName\":\"search_term_string\"}}],\"inLanguage\":\"en-GB\"},{\"@type\":\"Organization\",\"@id\":\"https:\\\/\\\/anda-law.com\\\/#organization\",\"name\":\"ANDA Rechtsanw\u00e4lte\",\"url\":\"https:\\\/\\\/anda-law.com\\\/\",\"logo\":{\"@type\":\"ImageObject\",\"inLanguage\":\"en-GB\",\"@id\":\"https:\\\/\\\/anda-law.com\\\/#\\\/schema\\\/logo\\\/image\\\/\",\"url\":\"https:\\\/\\\/anda-law.com\\\/wp-content\\\/uploads\\\/2026\\\/03\\\/logo-neu-9-Kopie.png\",\"contentUrl\":\"https:\\\/\\\/anda-law.com\\\/wp-content\\\/uploads\\\/2026\\\/03\\\/logo-neu-9-Kopie.png\",\"width\":2000,\"height\":2000,\"caption\":\"ANDA Rechtsanw\u00e4lte\"},\"image\":{\"@id\":\"https:\\\/\\\/anda-law.com\\\/#\\\/schema\\\/logo\\\/image\\\/\"},\"sameAs\":[\"https:\\\/\\\/www.linkedin.com\\\/company\\\/anda-law\"]}]}<\/script>\n<!-- \/ Yoast SEO plugin. -->","yoast_head_json":{"title":"Rechtsberatung f\u00fcr Healthcare, Pharma, IT und Digitalwirtschaft - ANDA Legal Services &amp; Strategies","description":"Erfahrene Rechtsberatung f\u00fcr Healthcare, Pharma, Life Sciences, IT, Digital. Externe Rechtsabteilung, Projekt-Support und Interim-Support.","robots":{"index":"index","follow":"follow","max-snippet":"max-snippet:-1","max-image-preview":"max-image-preview:large","max-video-preview":"max-video-preview:-1"},"canonical":"https:\/\/anda-law.com\/en\/","og_locale":"en_GB","og_type":"article","og_title":"Rechtsberatung f\u00fcr Healthcare, Pharma, IT und Digitalwirtschaft - ANDA Legal Services &amp; Strategies","og_description":"Erfahrene Rechtsberatung f\u00fcr Healthcare, Pharma, Life Sciences, IT, Digital. Externe Rechtsabteilung, Projekt-Support und Interim-Support.","og_url":"https:\/\/anda-law.com\/en\/","og_site_name":"ANDA Legal Services &amp; Strategies","article_modified_time":"2026-04-08T10:02:19+00:00","og_image":[{"width":2309,"height":1299,"url":"https:\/\/anda-law.com\/wp-content\/uploads\/2026\/02\/iStock-2216163156-1.jpg","type":"image\/jpeg"}],"twitter_card":"summary_large_image","twitter_misc":{"Estimated reading time":"3 minutes"},"schema":{"@context":"https:\/\/schema.org","@graph":[{"@type":"WebPage","@id":"https:\/\/anda-law.com\/","url":"https:\/\/anda-law.com\/","name":"Rechtsberatung f\u00fcr Healthcare, Pharma, IT und Digitalwirtschaft - ANDA Legal Services &amp; Strategies","isPartOf":{"@id":"https:\/\/anda-law.com\/#website"},"primaryImageOfPage":{"@id":"https:\/\/anda-law.com\/#primaryimage"},"image":{"@id":"https:\/\/anda-law.com\/#primaryimage"},"thumbnailUrl":"https:\/\/anda-law.com\/wp-content\/uploads\/2026\/02\/iStock-2216163156-1.jpg","datePublished":"2025-12-29T11:04:49+00:00","dateModified":"2026-04-08T10:02:19+00:00","description":"Erfahrene Rechtsberatung f\u00fcr Healthcare, Pharma, Life Sciences, IT, Digital. Externe Rechtsabteilung, Projekt-Support und Interim-Support.","breadcrumb":{"@id":"https:\/\/anda-law.com\/#breadcrumb"},"inLanguage":"en-GB","potentialAction":[{"@type":"ReadAction","target":["https:\/\/anda-law.com\/"]}]},{"@type":"ImageObject","inLanguage":"en-GB","@id":"https:\/\/anda-law.com\/#primaryimage","url":"https:\/\/anda-law.com\/wp-content\/uploads\/2026\/02\/iStock-2216163156-1.jpg","contentUrl":"https:\/\/anda-law.com\/wp-content\/uploads\/2026\/02\/iStock-2216163156-1.jpg"},{"@type":"BreadcrumbList","@id":"https:\/\/anda-law.com\/#breadcrumb","itemListElement":[{"@type":"ListItem","position":1,"name":"Start","item":"https:\/\/anda-law.com\/"},{"@type":"ListItem","position":2,"name":"Start"}]},{"@type":"WebSite","@id":"https:\/\/anda-law.com\/#website","url":"https:\/\/anda-law.com\/","name":"Legal Services & Strategies","description":"Flexible und strategische Rechtsberatung - externe Rechtsabteilung, Projekt-, Interim-Support","publisher":{"@id":"https:\/\/anda-law.com\/#organization"},"potentialAction":[{"@type":"SearchAction","target":{"@type":"EntryPoint","urlTemplate":"https:\/\/anda-law.com\/?s={search_term_string}"},"query-input":{"@type":"PropertyValueSpecification","valueRequired":true,"valueName":"search_term_string"}}],"inLanguage":"en-GB"},{"@type":"Organization","@id":"https:\/\/anda-law.com\/#organization","name":"ANDA Legal Services &amp; Strategies","url":"https:\/\/anda-law.com\/","logo":{"@type":"ImageObject","inLanguage":"en-GB","@id":"https:\/\/anda-law.com\/#\/schema\/logo\/image\/","url":"https:\/\/anda-law.com\/wp-content\/uploads\/2026\/03\/logo-neu-9-Kopie.png","contentUrl":"https:\/\/anda-law.com\/wp-content\/uploads\/2026\/03\/logo-neu-9-Kopie.png","width":2000,"height":2000,"caption":"ANDA Rechtsanw\u00e4lte"},"image":{"@id":"https:\/\/anda-law.com\/#\/schema\/logo\/image\/"},"sameAs":["https:\/\/www.linkedin.com\/company\/anda-law"]}]}},"rttpg_featured_image_url":null,"rttpg_author":{"display_name":"admin","author_link":"https:\/\/anda-law.com\/en\/author\/admin\/"},"rttpg_comment":0,"rttpg_category":null,"rttpg_excerpt":"Strategische Rechtsberatung f\u00fcr Healthcare, Life Sciences und Digitalwirtschaft Externe Rechtsabteilung, Interim\u2011Support und projektbezogene Beratung in allen g\u00e4ngigen In\u2011House\u2011Rechtsbereichen f\u00fcr Healthcare, Pharma, Life Sciences, IT, Digital. Unsere L\u00f6sungen Entdecken Sie unsere branchenspezifischen juristischen Dienstleistungen, die Sie flexibel und passgenau nach Ihren individuellen Anforderungen ausw\u00e4hlen k\u00f6nnen. Externe Rechtsabteilung Als externe Rechtsabteilung (External Legal Counsel) f\u00fcr Start-ups sowie&hellip;","_links":{"self":[{"href":"https:\/\/anda-law.com\/en\/wp-json\/wp\/v2\/pages\/29","targetHints":{"allow":["GET"]}}],"collection":[{"href":"https:\/\/anda-law.com\/en\/wp-json\/wp\/v2\/pages"}],"about":[{"href":"https:\/\/anda-law.com\/en\/wp-json\/wp\/v2\/types\/page"}],"author":[{"embeddable":true,"href":"https:\/\/anda-law.com\/en\/wp-json\/wp\/v2\/users\/1"}],"replies":[{"embeddable":true,"href":"https:\/\/anda-law.com\/en\/wp-json\/wp\/v2\/comments?post=29"}],"version-history":[{"count":722,"href":"https:\/\/anda-law.com\/en\/wp-json\/wp\/v2\/pages\/29\/revisions"}],"predecessor-version":[{"id":4944,"href":"https:\/\/anda-law.com\/en\/wp-json\/wp\/v2\/pages\/29\/revisions\/4944"}],"wp:attachment":[{"href":"https:\/\/anda-law.com\/en\/wp-json\/wp\/v2\/media?parent=29"}],"curies":[{"name":"wp","href":"https:\/\/api.w.org\/{rel}","templated":true}]}}