{"id":49,"date":"2025-12-29T11:05:17","date_gmt":"2025-12-29T11:05:17","guid":{"rendered":"https:\/\/anda-law.com\/impressum\/"},"modified":"2026-03-10T14:38:13","modified_gmt":"2026-03-10T14:38:13","slug":"impressum","status":"publish","type":"page","link":"https:\/\/anda-law.com\/en\/impressum\/","title":{"rendered":"Imprint"},"content":{"rendered":"<div class=\"wp-block-group alignfull is-style-ext-preset--group--natural-1--section has-background-background-color has-background has-global-padding is-layout-constrained wp-container-core-group-is-layout-6150fac0 wp-block-group-is-layout-constrained\" style=\"margin-top:0;margin-bottom:0;padding-top:var(--wp--preset--spacing--70);padding-bottom:var(--wp--preset--spacing--70)\">\n<p>Angaben gem\u00e4\u00df \u00a7 5 Digitale-Dienste-Gesetz (DDG) und \u00a7 18 Medienstaatsvertrag (MStV)<\/p>\n\n\n\n<p><strong>Diensteanbieter&nbsp;<\/strong><\/p>\n\n\n\n<p>ANDA Rechtsanw\u00e4lte Scamoni Lenz GbR (\u201eANDA\u201c) <\/p>\n\n\n\n<p>Kantstra\u00dfe 164<br>10623 Berlin, Germany<\/p>\n\n\n\n<p><strong>Vertretungsberechtigte Gesellschafter<\/strong><\/p>\n\n\n\n<p>Die Gesellschaft wird durch die Gesellschafter, Rechtsanw\u00e4ltin Annette Scamoni M.C.L.<br>und Rechtsanw\u00e4ltin Daniela Lenz vertreten. Jeder Gesellschafter ist allein vertretungsberechtigt.&nbsp;<\/p>\n\n\n\n<p><strong>Contact us&nbsp;<\/strong><\/p>\n\n\n\n<p>Telefon: +49 30 233 262 220<br>E-Fax: +49 30 233 262 229<br>E-Mail: info@anda-law.com<\/p>\n\n\n\n<p><strong>Umsatzsteuer<\/strong><\/p>\n\n\n\n<p>USt-IdNr.:\u00a0DE460376651<\/p>\n\n\n\n<p><strong>Berufsrechtliche Angaben<\/strong><\/p>\n\n\n\n<p>Die Rechtsanw\u00e4ltinnen Annette Scamoni und Daniela Lenz sind nach dem Recht der Bundesrepublik Deutschland zur Rechtsanwaltschaft zugelassen und f\u00fchren die Berufsbezeichnung \u201eRechtsanw\u00e4ltin\u201c. Sie geh\u00f6ren der nachfolgenden Rechtsanwaltskammer an:<\/p>\n\n\n\n<p>Rechtsanwaltskammer Berlin<br>Littenstra\u00dfe 9<br>10179 Berlin<br>Telefon: +49 30 306 931 0<br>Fax: +49 30 306 931 99<\/p>\n\n\n\n<p>Es gelten die folgenden berufsrechtlichen Regelungen:<\/p>\n\n\n\n<ul class=\"wp-block-list\">\n<li>Bundesrechtsanwaltsordnung (BRAO)<\/li>\n\n\n\n<li>Berufsordnung f\u00fcr Rechtsanw\u00e4lte (BORA)<\/li>\n\n\n\n<li>RVG \u2013 Rechtsanwaltsverg\u00fctungsgesetz (RVG)<\/li>\n\n\n\n<li>Berufsregeln der Rechtsanw\u00e4lte der Europ\u00e4ischen Gemeinschaft (CCBE)&nbsp;<\/li>\n\n\n\n<li>Gesetz \u00fcber die T\u00e4tigkeit europ\u00e4ischer Rechtsanw\u00e4lte in Deutschland (EuRAG)<\/li>\n<\/ul>\n\n\n\n<p>Die Inhalte der vorgenannten Regelungen k\u00f6nnen auf den Internetseiten der Bundesrechtsanwaltskammer (<a href=\"http:\/\/www.brak.de\">www.brak.de<\/a>) in der Rubrik \u201eBerufsrecht\u201c) abgerufen werden.&nbsp;<\/p>\n\n\n\n<p><strong>Berufshaftpflichtversicherung<\/strong><\/p>\n\n\n\n<p>Die Partnerschaft unterh\u00e4lt eine Berufshaftpflichtversicherung bei der HDI Versicherung AG, 30650 Hannover. Die Versicherungsnummer lautet: V-088-694-658-5.<\/p>\n\n\n\n<p><strong>Au\u00dfergerichtliche Streitbeilegung&nbsp;<\/strong><\/p>\n\n\n\n<p>Zust\u00e4ndige Verbraucherschlichtungsstelle f\u00fcr verm\u00f6gensrechtliche Streitigkeiten aus einem Mandatsverh\u00e4ltnis ist die Schlichtungsstelle der Rechtsanwaltschaft, Rauchstra\u00dfe 26, 10787 Berlin. &nbsp;<\/p>\n\n\n\n<p>ANDA ist zur Teilnahme an Streitbeilegungsverfahren vor einer Verbraucherschlichtungsstelle weder verpflichtet noch bereit.<\/p>\n\n\n\n<p><strong>Urheberrecht&nbsp;<\/strong><\/p>\n\n\n\n<p>Alle auf dieser Website ver\u00f6ffentlichten Inhalte, einschlie\u00dflich Texte, Bilder, Grafiken, Logos und Videos, sind urheberrechtlich gesch\u00fctzt. Jede vom Urheberrechtsgesetz ohne Zustimmung nicht abgedeckte Verwertung bedarf der vorherigen schriftlichen Zustimmung durch ANDA Rechtsanw\u00e4lte.<\/p>\n\n\n\n<p><strong>Honorare<\/strong><\/p>\n\n\n\n<p>Grunds\u00e4tzlich werden wir nur auf Basis von Honorarvereinbarungen t\u00e4tig. Einzelheiten stellen wir Ihnen gerne in einem pers\u00f6nlichen Gespr\u00e4ch vor.<\/p>\n\n\n\n<p><strong>Anwendbares Recht<\/strong><\/p>\n\n\n\n<p>Die Inhalte dieser Website sowie etwaige Streitigkeiten im Zusammenhang mit deren Nutzung unterliegen allein dem Recht der Bundesrepublik Deutschland.<\/p>\n\n\n\n<p><strong>Inhaltliche Verantwortung im Sinne des \u00a7 18 Abs. 2 MStV<\/strong><\/p>\n\n\n\n<p>Rechtsanw\u00e4ltin Annette Scamoni, c\/o ANDA Rechtsanw\u00e4lte Scamoni Lenz GbR, Kantstr. 164, 10623 Berlin&nbsp;<\/p>\n\n\n\n<p>Fotos auf der &#8222;\u00dcber Uns&#8220; Seite: Jacqueline Steiner<\/p>\n<\/div>","protected":false},"excerpt":{"rendered":"<p>Angaben gem\u00e4\u00df \u00a7 5 Digitale-Dienste-Gesetz (DDG) und \u00a7 18 Medienstaatsvertrag (MStV) Diensteanbieter&nbsp; ANDA Rechtsanw\u00e4lte Scamoni Lenz GbR (\u201eANDA\u201c) Kantstra\u00dfe 16410623 Berlin Vertretungsberechtigte Gesellschafter Die Gesellschaft wird durch die Gesellschafter, Rechtsanw\u00e4ltin Annette Scamoni M.C.L.und Rechtsanw\u00e4ltin Daniela Lenz vertreten. Jeder Gesellschafter ist allein vertretungsberechtigt.&nbsp; Kontakt&nbsp; Telefon: +49 30 233 262 220E-Fax: +49 30 233 262 229E-Mail: info@anda-law.com [&hellip;]<\/p>\n","protected":false},"author":1,"featured_media":0,"parent":0,"menu_order":0,"comment_status":"closed","ping_status":"closed","template":"page-with-title","meta":{"footnotes":""},"class_list":["post-49","page","type-page","status-publish","hentry"],"yoast_head":"<!-- This site is optimized with the Yoast SEO plugin v27.4 - https:\/\/yoast.com\/product\/yoast-seo-wordpress\/ -->\n<title>Impressum - ANDA Legal Services &amp; Strategies<\/title>\n<meta name=\"robots\" content=\"noindex, follow\" \/>\n<meta property=\"og:locale\" content=\"en_GB\" \/>\n<meta property=\"og:type\" content=\"article\" \/>\n<meta property=\"og:title\" content=\"Impressum - ANDA Legal Services &amp; Strategies\" \/>\n<meta property=\"og:description\" content=\"Angaben gem\u00e4\u00df \u00a7 5 Digitale-Dienste-Gesetz (DDG) und \u00a7 18 Medienstaatsvertrag (MStV) Diensteanbieter&nbsp; ANDA Rechtsanw\u00e4lte Scamoni Lenz GbR (\u201eANDA\u201c) Kantstra\u00dfe 16410623 Berlin Vertretungsberechtigte Gesellschafter Die Gesellschaft wird durch die Gesellschafter, Rechtsanw\u00e4ltin Annette Scamoni M.C.L.und Rechtsanw\u00e4ltin Daniela Lenz vertreten. Jeder Gesellschafter ist allein vertretungsberechtigt.&nbsp; Kontakt&nbsp; Telefon: +49 30 233 262 220E-Fax: +49 30 233 262 229E-Mail: info@anda-law.com [&hellip;]\" \/>\n<meta property=\"og:url\" content=\"https:\/\/anda-law.com\/en\/impressum\/\" \/>\n<meta property=\"og:site_name\" content=\"ANDA Legal Services &amp; Strategies\" \/>\n<meta property=\"article:modified_time\" content=\"2026-03-10T14:38:13+00:00\" \/>\n<meta name=\"twitter:card\" content=\"summary_large_image\" \/>\n<meta name=\"twitter:label1\" content=\"Estimated reading time\" \/>\n\t<meta name=\"twitter:data1\" content=\"2 minutes\" \/>\n<script type=\"application\/ld+json\" class=\"yoast-schema-graph\">{\"@context\":\"https:\\\/\\\/schema.org\",\"@graph\":[{\"@type\":\"WebPage\",\"@id\":\"https:\\\/\\\/anda-law.com\\\/impressum\\\/\",\"url\":\"https:\\\/\\\/anda-law.com\\\/impressum\\\/\",\"name\":\"Impressum - ANDA Legal Services &amp; Strategies\",\"isPartOf\":{\"@id\":\"https:\\\/\\\/anda-law.com\\\/#website\"},\"datePublished\":\"2025-12-29T11:05:17+00:00\",\"dateModified\":\"2026-03-10T14:38:13+00:00\",\"breadcrumb\":{\"@id\":\"https:\\\/\\\/anda-law.com\\\/impressum\\\/#breadcrumb\"},\"inLanguage\":\"en-GB\",\"potentialAction\":[{\"@type\":\"ReadAction\",\"target\":[\"https:\\\/\\\/anda-law.com\\\/impressum\\\/\"]}]},{\"@type\":\"BreadcrumbList\",\"@id\":\"https:\\\/\\\/anda-law.com\\\/impressum\\\/#breadcrumb\",\"itemListElement\":[{\"@type\":\"ListItem\",\"position\":1,\"name\":\"Start\",\"item\":\"https:\\\/\\\/anda-law.com\\\/\"},{\"@type\":\"ListItem\",\"position\":2,\"name\":\"Impressum\"}]},{\"@type\":\"WebSite\",\"@id\":\"https:\\\/\\\/anda-law.com\\\/#website\",\"url\":\"https:\\\/\\\/anda-law.com\\\/\",\"name\":\"Legal Services & Strategies\",\"description\":\"Flexible und strategische Rechtsberatung - externe Rechtsabteilung, Projekt-, Interim-Support\",\"publisher\":{\"@id\":\"https:\\\/\\\/anda-law.com\\\/#organization\"},\"potentialAction\":[{\"@type\":\"SearchAction\",\"target\":{\"@type\":\"EntryPoint\",\"urlTemplate\":\"https:\\\/\\\/anda-law.com\\\/?s={search_term_string}\"},\"query-input\":{\"@type\":\"PropertyValueSpecification\",\"valueRequired\":true,\"valueName\":\"search_term_string\"}}],\"inLanguage\":\"en-GB\"},{\"@type\":\"Organization\",\"@id\":\"https:\\\/\\\/anda-law.com\\\/#organization\",\"name\":\"ANDA Rechtsanw\u00e4lte\",\"url\":\"https:\\\/\\\/anda-law.com\\\/\",\"logo\":{\"@type\":\"ImageObject\",\"inLanguage\":\"en-GB\",\"@id\":\"https:\\\/\\\/anda-law.com\\\/#\\\/schema\\\/logo\\\/image\\\/\",\"url\":\"https:\\\/\\\/anda-law.com\\\/wp-content\\\/uploads\\\/2026\\\/03\\\/logo-neu-9-Kopie.png\",\"contentUrl\":\"https:\\\/\\\/anda-law.com\\\/wp-content\\\/uploads\\\/2026\\\/03\\\/logo-neu-9-Kopie.png\",\"width\":2000,\"height\":2000,\"caption\":\"ANDA Rechtsanw\u00e4lte\"},\"image\":{\"@id\":\"https:\\\/\\\/anda-law.com\\\/#\\\/schema\\\/logo\\\/image\\\/\"},\"sameAs\":[\"https:\\\/\\\/www.linkedin.com\\\/company\\\/anda-law\"]}]}<\/script>\n<!-- \/ Yoast SEO plugin. -->","yoast_head_json":{"title":"Impressum - ANDA Legal Services &amp; Strategies","robots":{"index":"noindex","follow":"follow"},"og_locale":"en_GB","og_type":"article","og_title":"Impressum - ANDA Legal Services &amp; Strategies","og_description":"Angaben gem\u00e4\u00df \u00a7 5 Digitale-Dienste-Gesetz (DDG) und \u00a7 18 Medienstaatsvertrag (MStV) Diensteanbieter&nbsp; ANDA Rechtsanw\u00e4lte Scamoni Lenz GbR (\u201eANDA\u201c) Kantstra\u00dfe 16410623 Berlin Vertretungsberechtigte Gesellschafter Die Gesellschaft wird durch die Gesellschafter, Rechtsanw\u00e4ltin Annette Scamoni M.C.L.und Rechtsanw\u00e4ltin Daniela Lenz vertreten. Jeder Gesellschafter ist allein vertretungsberechtigt.&nbsp; Kontakt&nbsp; Telefon: +49 30 233 262 220E-Fax: +49 30 233 262 229E-Mail: info@anda-law.com [&hellip;]","og_url":"https:\/\/anda-law.com\/en\/impressum\/","og_site_name":"ANDA Legal Services &amp; Strategies","article_modified_time":"2026-03-10T14:38:13+00:00","twitter_card":"summary_large_image","twitter_misc":{"Estimated reading time":"2 minutes"},"schema":{"@context":"https:\/\/schema.org","@graph":[{"@type":"WebPage","@id":"https:\/\/anda-law.com\/impressum\/","url":"https:\/\/anda-law.com\/impressum\/","name":"Impressum - ANDA Legal Services &amp; Strategies","isPartOf":{"@id":"https:\/\/anda-law.com\/#website"},"datePublished":"2025-12-29T11:05:17+00:00","dateModified":"2026-03-10T14:38:13+00:00","breadcrumb":{"@id":"https:\/\/anda-law.com\/impressum\/#breadcrumb"},"inLanguage":"en-GB","potentialAction":[{"@type":"ReadAction","target":["https:\/\/anda-law.com\/impressum\/"]}]},{"@type":"BreadcrumbList","@id":"https:\/\/anda-law.com\/impressum\/#breadcrumb","itemListElement":[{"@type":"ListItem","position":1,"name":"Start","item":"https:\/\/anda-law.com\/"},{"@type":"ListItem","position":2,"name":"Impressum"}]},{"@type":"WebSite","@id":"https:\/\/anda-law.com\/#website","url":"https:\/\/anda-law.com\/","name":"Legal Services & Strategies","description":"Flexible und strategische Rechtsberatung - externe Rechtsabteilung, Projekt-, Interim-Support","publisher":{"@id":"https:\/\/anda-law.com\/#organization"},"potentialAction":[{"@type":"SearchAction","target":{"@type":"EntryPoint","urlTemplate":"https:\/\/anda-law.com\/?s={search_term_string}"},"query-input":{"@type":"PropertyValueSpecification","valueRequired":true,"valueName":"search_term_string"}}],"inLanguage":"en-GB"},{"@type":"Organization","@id":"https:\/\/anda-law.com\/#organization","name":"ANDA Legal Services &amp; Strategies","url":"https:\/\/anda-law.com\/","logo":{"@type":"ImageObject","inLanguage":"en-GB","@id":"https:\/\/anda-law.com\/#\/schema\/logo\/image\/","url":"https:\/\/anda-law.com\/wp-content\/uploads\/2026\/03\/logo-neu-9-Kopie.png","contentUrl":"https:\/\/anda-law.com\/wp-content\/uploads\/2026\/03\/logo-neu-9-Kopie.png","width":2000,"height":2000,"caption":"ANDA Rechtsanw\u00e4lte"},"image":{"@id":"https:\/\/anda-law.com\/#\/schema\/logo\/image\/"},"sameAs":["https:\/\/www.linkedin.com\/company\/anda-law"]}]}},"rttpg_featured_image_url":null,"rttpg_author":{"display_name":"admin","author_link":"https:\/\/anda-law.com\/en\/author\/admin\/"},"rttpg_comment":0,"rttpg_category":null,"rttpg_excerpt":"Angaben gem\u00e4\u00df \u00a7 5 Digitale-Dienste-Gesetz (DDG) und \u00a7 18 Medienstaatsvertrag (MStV) Diensteanbieter&nbsp; ANDA Rechtsanw\u00e4lte Scamoni Lenz GbR (\u201eANDA\u201c) Kantstra\u00dfe 16410623 Berlin Vertretungsberechtigte Gesellschafter Die Gesellschaft wird durch die Gesellschafter, Rechtsanw\u00e4ltin Annette Scamoni M.C.L.und Rechtsanw\u00e4ltin Daniela Lenz vertreten. Jeder Gesellschafter ist allein vertretungsberechtigt.&nbsp; Kontakt&nbsp; Telefon: +49 30 233 262 220E-Fax: +49 30 233 262 229E-Mail: info@anda-law.com&hellip;","_links":{"self":[{"href":"https:\/\/anda-law.com\/en\/wp-json\/wp\/v2\/pages\/49","targetHints":{"allow":["GET"]}}],"collection":[{"href":"https:\/\/anda-law.com\/en\/wp-json\/wp\/v2\/pages"}],"about":[{"href":"https:\/\/anda-law.com\/en\/wp-json\/wp\/v2\/types\/page"}],"author":[{"embeddable":true,"href":"https:\/\/anda-law.com\/en\/wp-json\/wp\/v2\/users\/1"}],"replies":[{"embeddable":true,"href":"https:\/\/anda-law.com\/en\/wp-json\/wp\/v2\/comments?post=49"}],"version-history":[{"count":27,"href":"https:\/\/anda-law.com\/en\/wp-json\/wp\/v2\/pages\/49\/revisions"}],"predecessor-version":[{"id":4778,"href":"https:\/\/anda-law.com\/en\/wp-json\/wp\/v2\/pages\/49\/revisions\/4778"}],"wp:attachment":[{"href":"https:\/\/anda-law.com\/en\/wp-json\/wp\/v2\/media?parent=49"}],"curies":[{"name":"wp","href":"https:\/\/api.w.org\/{rel}","templated":true}]}}