{"id":4911,"date":"2026-03-26T09:47:45","date_gmt":"2026-03-26T09:47:45","guid":{"rendered":"https:\/\/anda-law.com\/?page_id=4911"},"modified":"2026-03-27T14:25:38","modified_gmt":"2026-03-27T14:25:38","slug":"nis-2-betroffenheitspruefung","status":"publish","type":"page","link":"https:\/\/anda-law.com\/en\/nis-2-betroffenheitspruefung\/","title":{"rendered":"NIS 2 Betroffenheitspr\u00fcfung"},"content":{"rendered":"<div class=\"wp-block-group alignfull is-style-ext-preset--group--natural-1--section has-background-background-color has-background has-global-padding is-layout-constrained wp-container-core-group-is-layout-e955bbaf wp-block-group-is-layout-constrained\" style=\"margin-top:0;margin-bottom:0;padding-top:var(--wp--preset--spacing--70);padding-bottom:var(--wp--preset--spacing--70)\">\n<div class=\"wp-block-columns alignwide is-layout-flex wp-container-core-columns-is-layout-174606dc wp-block-columns-is-layout-flex\">\n<div class=\"wp-block-column is-vertically-aligned-stretch is-layout-flow wp-container-core-column-is-layout-119bc444 wp-block-column-is-layout-flow\">\n<h2 class=\"wp-block-heading ext-animate--on\">NIS 2 Betroffenheitspr\u00fcfung zum Festpreis<\/h2>\n\n\n\n<p class=\"has-text-align-left ext-animate--on\" style=\"margin-top:1.5rem\"><strong>Sind Sie von der NIS\u20112 Richtlinie betroffen?<\/strong><br>Finden Sie es jetzt zuverl\u00e4ssig heraus \u2013&nbsp;<strong>mit unser NIS\u20112 Betroffenheitspr\u00fcfung zum Festpreis.<\/strong><\/p>\n\n\n\n<p class=\"has-text-align-left ext-animate--on\" style=\"margin-top:1.5rem\">Wir geben Ihnen verl\u00e4ssliche Klarheit \u2013 bevor Bu\u00dfgelder oder Haftungsrisiken entstehen.<\/p>\n<\/div>\n\n\n\n<div class=\"wp-block-column is-vertically-aligned-center is-layout-flow wp-container-core-column-is-layout-f5bb311e wp-block-column-is-layout-flow\">\n<div class=\"wp-block-columns ext-animate--on is-layout-flex wp-container-core-columns-is-layout-28f84493 wp-block-columns-is-layout-flex\">\n<div class=\"wp-block-column is-vertically-aligned-stretch is-layout-flow wp-block-column-is-layout-flow\">\n<div class=\"wp-block-group is-style-ext-preset--group--natural-1--item-card-1--align-start has-global-padding is-layout-constrained wp-block-group-is-layout-constrained is-style-ext-preset--group--natural-1--item-card-1--align-start--2\">\n<div class=\"wp-block-group is-style-default has-global-padding is-layout-constrained wp-block-group-is-layout-constrained\">\n<h2 class=\"wp-block-heading has-large-font-size\">Warum ist jetzt Handeln so wichtig?<\/h2>\n\n\n\n<h2 class=\"wp-block-heading\">Massive Unter\u2011Registrierung<\/h2>\n\n\n\n<p>Laut aktuellen Berichten haben sich&nbsp;weniger als die H\u00e4lfte&nbsp;der betroffenen Unternehmen beim BSI registriert \u2013 obwohl die Frist zur verpflichtenden Registrierung bereits am 6. M\u00e4rz 2026 abgelaufen ist.&nbsp;<\/p>\n<\/div>\n\n\n\n<div class=\"wp-block-group is-style-default has-global-padding is-layout-constrained wp-block-group-is-layout-constrained\">\n<h3 class=\"wp-block-heading\">Pers\u00f6nliche Haftung der Gesch\u00e4ftsf\u00fchrer<\/h3>\n\n\n\n<p class=\"has-small-font-size\">Die NIS\u20112\u2011Richtlinie macht Cybersicherheit explizit zur&nbsp;Chefsache. Gesch\u00e4ftsf\u00fchrungen k\u00f6nnen bei Verst\u00f6\u00dfen&nbsp;pers\u00f6nlich haftbar gemacht werden.<\/p>\n\n\n\n<p class=\"has-small-font-size\">Keine \u00dcbergangsfristen: Ma\u00dfnahmen m\u00fcssen&nbsp;sofort&nbsp;erf\u00fcllt sein<\/p>\n\n\n\n<p><strong>Bu\u00dfgelder bis 10 Mio. \u20ac oder 2 % des weltweiten Umsatzes<\/strong>&nbsp;<\/p>\n<\/div>\n<\/div>\n<\/div>\n<\/div>\n<\/div>\n<\/div>\n<\/div>\n\n\n\n<div class=\"wp-block-group alignfull is-style-ext-preset--group--natural-1--section has-custom-color-3-color has-background-background-color has-text-color has-background has-link-color wp-elements-d3c30c5cb44d1a3f100f9f326243ca4c has-global-padding is-layout-constrained wp-container-core-group-is-layout-954f8a35 wp-block-group-is-layout-constrained\" style=\"border-top-left-radius:28px;border-top-right-radius:28px;border-bottom-left-radius:28px;border-bottom-right-radius:28px;margin-top:0;margin-bottom:0;padding-top:var(--wp--preset--spacing--20);padding-bottom:var(--wp--preset--spacing--20)\">\n<div class=\"wp-block-columns is-layout-flex wp-container-core-columns-is-layout-28f84493 wp-block-columns-is-layout-flex\">\n<div class=\"wp-block-column is-layout-flow wp-block-column-is-layout-flow\" style=\"flex-basis:100%\">\n<div class=\"wp-block-group alignwide ext-is-logical-start has-global-padding is-content-justification-left is-layout-constrained wp-container-core-group-is-layout-6729bdbe wp-block-group-is-layout-constrained\">\n<h2 class=\"wp-block-heading ext-animate--on has-primary-color has-text-color has-link-color wp-elements-c81a881fe5295f4708952920a6d82d4e\">Welche Unternehmen sind von NIS 2 betroffen?<\/h2>\n\n\n\n<p class=\"has-text-align-left ext-animate--on has-primary-color has-text-color has-link-color wp-elements-8ef71ccff1260fbe5bec8982edccdeae\">Es sind nicht nur klassische KRITIS\u2011Betreiber betroffen, sondern&nbsp;viele Mittelst\u00e4ndler und zahlreiche Industrie\u2011, IT\u2011 und Dienstleistungsunternehmen, sobald sie Schwellenwerte \u00fcberschreiten oder kritische Dienstleistungen erbringen. Die NIS\u20112\u2011Regulierung richtet sich besonders an Unternehmen aus&nbsp;kritischen und wesentlichen Sektoren, die entweder f\u00fcr das Gemeinwesen essenziell sind oder aufgrund ihrer Gr\u00f6\u00dfe\/Verflechtung ein erh\u00f6htes Cyberrisiko darstellen.<\/p>\n\n\n\n<p class=\"has-text-align-left ext-animate--on has-primary-color has-text-color has-link-color wp-elements-87b9a187c17393e4e0b06d424bfc89fb\">Die folgenden Branchen gelten als besonders gef\u00e4hrdet und sind deshalb priorit\u00e4re Zielgruppen der Regulierung:<\/p>\n\n\n\n<ul class=\"wp-block-list has-primary-color has-text-color has-link-color wp-elements-996a27e7d5b3131647ca53ebe05fc7db\">\n<li>Energieversorgung<\/li>\n\n\n\n<li>Wasser und Abwasser<\/li>\n\n\n\n<li><strong>Gesundheit und Medizin<\/strong><\/li>\n\n\n\n<li>Transport und Verkehr<\/li>\n\n\n\n<li><strong>Digitale Infrastruktur<\/strong> <strong>und IT-Dienstleister<\/strong><\/li>\n\n\n\n<li>\u00d6ffentliche Verwaltung und staatliche Dienste<\/li>\n\n\n\n<li>Raumfahrt und satellitengest\u00fctzte Dienste<\/li>\n\n\n\n<li>Informations- und Kommunikationstechnologie<\/li>\n\n\n\n<li>Finanz- und Versicherungswesen<\/li>\n\n\n\n<li>Produktion wichtiger G\u00fcter<\/li>\n\n\n\n<li>Abfall- und Entsorgungswirtschaft<\/li>\n\n\n\n<li>Ern\u00e4hrung und Lebensmittelversorgung<\/li>\n<\/ul>\n\n\n\n<p class=\"has-primary-color has-text-color has-link-color wp-elements-da7568c37182a6292179f2e93e97b814\">Diese Sektoren sind besonders gef\u00e4hrdet, weil sie:<\/p>\n\n\n\n<ul class=\"wp-block-list has-primary-color has-text-color has-link-color wp-elements-081920886556539641026874f35b7c7e\">\n<li class=\"has-primary-color has-text-color has-link-color wp-elements-a04d668ad9a9cf4909ec66e2d2a1e753\">kritische Grundversorgung&nbsp;sicherstellen<\/li>\n\n\n\n<li>starke Abh\u00e4ngigkeiten&nbsp;zu anderen Branchen erzeugen<\/li>\n\n\n\n<li>hohe Cyberangriffswahrscheinlichkeit&nbsp;haben<\/li>\n\n\n\n<li>Ausfallrisiken mit gesamtwirtschaftlichen Folgen&nbsp;bergen<\/li>\n<\/ul>\n\n\n\n<p class=\"has-primary-color has-text-color has-link-color wp-elements-1bd71f2a1268df6db14a140f7c05f0f3\">Deshalb stuft NIS\u20112 diese Bereiche als \u201ewichtige\u201c bzw. \u201ebesonders wichtige Einrichtungen\u201c ein.<\/p>\n<\/div>\n<\/div>\n<\/div>\n<\/div>\n\n\n\n<div class=\"wp-block-group alignfull is-style-ext-preset--group--natural-1--section has-background-background-color has-background has-global-padding is-layout-constrained wp-container-core-group-is-layout-43ca1d42 wp-block-group-is-layout-constrained\" style=\"margin-top:0;margin-bottom:0;padding-top:var(--wp--preset--spacing--55);padding-bottom:var(--wp--preset--spacing--55)\">\n<h2 class=\"wp-block-heading has-text-align-center has-primary-color has-text-color has-link-color wp-elements-821b3fa1a7a392743a577eb7f9cc3562\">Ihre Vorteile auf einen Blick<\/h2>\n\n\n\n<ul class=\"wp-block-list\">\n<li>Rechtssicherheit statt Risiko<\/li>\n\n\n\n<li>Schutz vor Bu\u00dfgeldern &amp; pers\u00f6nlicher Haftung<\/li>\n\n\n\n<li>Verl\u00e4ssliche Einstufung statt Unsicherheit<\/li>\n\n\n\n<li>Schnelle Durchlaufzeit<\/li>\n\n\n\n<li>Auditf\u00e4hige Dokumentation<\/li>\n<\/ul>\n<\/div>\n\n\n\n<div class=\"wp-block-group alignfull is-style-ext-preset--group--natural-1--section has-background-background-color has-background has-global-padding is-layout-constrained wp-container-core-group-is-layout-707bf735 wp-block-group-is-layout-constrained\" style=\"margin-top:0;margin-bottom:0;padding-top:var(--wp--preset--spacing--30);padding-bottom:var(--wp--preset--spacing--30)\">\n<h2 class=\"wp-block-heading has-text-align-center ext-animate--on\">Unsere Festpreise im \u00dcberblick<\/h2>\n\n\n\n<div class=\"wp-block-columns is-layout-flex wp-container-core-columns-is-layout-28f84493 wp-block-columns-is-layout-flex\">\n<div class=\"wp-block-column is-layout-flow wp-container-core-column-is-layout-8403a774 wp-block-column-is-layout-flow\" style=\"padding-top:var(--wp--preset--spacing--55);padding-bottom:var(--wp--preset--spacing--55);flex-basis:50%\">\n<h2 class=\"wp-block-heading has-text-align-left has-x-large-font-size\">Core\u2011Modell<\/h2>\n\n\n\n<h3 class=\"wp-block-heading\">Leistungen:<\/h3>\n\n\n\n<div style=\"height:7px\" aria-hidden=\"true\" class=\"wp-block-spacer\"><\/div>\n\n\n\n<ul class=\"wp-block-list\">\n<li>Kick-off (30 Minuten)<\/li>\n\n\n\n<li>Juristische Einstufung gem\u00e4\u00df NIS2UmsuCG &amp; BSIG<\/li>\n\n\n\n<li>Sektorzuordnung &amp; Schwellenwerte<\/li>\n\n\n\n<li>Dokumentiertes Pr\u00fcfergebnis <\/li>\n\n\n\n<li>Handlungsempfehlungen<\/li>\n\n\n\n<li>30-min\u00fctige Abschlussbesprechung<\/li>\n<\/ul>\n\n\n\n<div style=\"height:1px\" aria-hidden=\"true\" class=\"wp-block-spacer\"><\/div>\n\n\n\n<h3 class=\"wp-block-heading\">F\u00fcr wen:<\/h3>\n\n\n\n<p>KMU, Mittelstand, Dienstleister, Zulieferer, IT-Unternehmen, Einzelunternehmen<\/p>\n\n\n\n<h3 class=\"wp-block-heading\">Unser Festpreis:<\/h3>\n\n\n\n<p class=\"has-text-align-left has-medium-font-size\"><strong>3.400 \u20ac <\/strong>*<\/p>\n<\/div>\n\n\n\n<div class=\"wp-block-column is-layout-flow wp-container-core-column-is-layout-8403a774 wp-block-column-is-layout-flow\" style=\"padding-top:var(--wp--preset--spacing--55);padding-bottom:var(--wp--preset--spacing--55);flex-basis:50%\">\n<h2 class=\"wp-block-heading\">Premium\u2011Modell <\/h2>\n\n\n\n<h3 class=\"wp-block-heading\">Extra-Leistungen gegen\u00fcber Core:<\/h3>\n\n\n\n<ul class=\"wp-block-list\">\n<li>Pr\u00fcfung der Einbettung in Konzernstrukturen<\/li>\n\n\n\n<li>Lieferkettenanalyse (direkte &amp; indirekte Betroffenheit)<\/li>\n\n\n\n<li>Pr\u00fcfung relevanter Tochtergesellschaften<\/li>\n\n\n\n<li>Schriftliches Management-Memo (f\u00fcr Gesch\u00e4ftsf\u00fchrung &amp; Aufsichtsrat)<\/li>\n\n\n\n<li>60-min\u00fctiges Review-Meeting<\/li>\n\n\n\n<li>Q&amp;A f\u00fcr Compliance \/ IT \/ Security Teams<\/li>\n<\/ul>\n\n\n\n<h3 class=\"wp-block-heading\">F\u00fcr wen:<\/h3>\n\n\n\n<p>Konzerne, verbundene Unternehmen, Unternehmensgruppen, regulierte Branchen<\/p>\n\n\n\n<h3 class=\"wp-block-heading\">Unser Festpreis:<\/h3>\n\n\n\n<p class=\"has-medium-font-size\"><strong>5.900 \u20ac <\/strong>*<\/p>\n<\/div>\n<\/div>\n<\/div>\n\n\n\n<p class=\"has-small-font-size\">*zzgl. USt. Preisangaben dienen ausschlie\u00dflich der Information. Ein verbindlicher Vertrag kommt erst durch Abschluss eines Mandatsvertrages zustande.<\/p>\n\n\n\n<div class=\"wp-block-group alignfull is-style-ext-preset--group--natural-1--section has-tertiary-background-color has-background has-global-padding is-layout-constrained wp-container-core-group-is-layout-e955bbaf wp-block-group-is-layout-constrained\" style=\"margin-top:0;margin-bottom:0;padding-top:var(--wp--preset--spacing--70);padding-bottom:var(--wp--preset--spacing--70)\">\n<div class=\"wp-block-media-text alignwide is-stacked-on-mobile is-image-fill-element is-style-ext-preset--media-text--natural-1--card-1 ext-animate--on has-background-background-color has-background is-style-ext-preset--media-text--natural-1--card-1--7\" style=\"border-top-left-radius:28px;border-top-right-radius:28px;border-bottom-left-radius:28px;border-bottom-right-radius:28px\"><figure class=\"wp-block-media-text__media\"><img loading=\"lazy\" decoding=\"async\" width=\"1024\" height=\"538\" src=\"https:\/\/anda-law.com\/wp-content\/uploads\/2026\/02\/iStock-1702297061-1024x538.jpg\" alt=\"\" class=\"wp-image-4416 size-full\" style=\"object-position:83% 46%\" srcset=\"https:\/\/anda-law.com\/wp-content\/uploads\/2026\/02\/iStock-1702297061-1024x538.jpg 1024w, https:\/\/anda-law.com\/wp-content\/uploads\/2026\/02\/iStock-1702297061-300x158.jpg 300w, https:\/\/anda-law.com\/wp-content\/uploads\/2026\/02\/iStock-1702297061-768x403.jpg 768w, https:\/\/anda-law.com\/wp-content\/uploads\/2026\/02\/iStock-1702297061-1536x807.jpg 1536w, https:\/\/anda-law.com\/wp-content\/uploads\/2026\/02\/iStock-1702297061-2048x1076.jpg 2048w, https:\/\/anda-law.com\/wp-content\/uploads\/2026\/02\/iStock-1702297061-18x9.jpg 18w\" sizes=\"auto, (max-width: 1024px) 100vw, 1024px\" \/><\/figure><div class=\"wp-block-media-text__content\">\n<div class=\"wp-block-group alignwide is-vertical is-layout-flex wp-container-core-group-is-layout-53474e87 wp-block-group-is-layout-flex\" style=\"padding-top:var(--wp--preset--spacing--60);padding-bottom:var(--wp--preset--spacing--60)\">\n<div class=\"wp-block-group has-global-padding is-layout-constrained wp-container-core-group-is-layout-812d5580 wp-block-group-is-layout-constrained\" style=\"padding-top:0;padding-right:0;padding-bottom:0;padding-left:0\">\n<h2 class=\"wp-block-heading\">Pr\u00fcfen Sie jetzt Ihre NIS 2 Betroffenheit<\/h2>\n\n\n\n<p>Sichern Sie sich jetzt den Festpreis und profitieren Sie von individueller Beratung. Starten Sie jetzt Ihre Betroffenheitsanalyse.<\/p>\n<\/div>\n\n\n\n<div class=\"wp-block-buttons is-layout-flex wp-block-buttons-is-layout-flex\">\n<div class=\"wp-block-button is-style-ext-preset--button--natural-1--button-1 is-style-ext-preset--button--natural-1--button-1--8\"><a class=\"wp-block-button__link wp-element-button\" href=\"https:\/\/anda-law.com\/en\/kontakt\/\" style=\"border-top-left-radius:14px;border-top-right-radius:14px;border-bottom-left-radius:14px;border-bottom-right-radius:14px\">Jetzt pr\u00fcfen<\/a><\/div>\n<\/div>\n<\/div>\n<\/div><\/div>\n<\/div>","protected":false},"excerpt":{"rendered":"<p>NIS 2 Betroffenheitspr\u00fcfung zum Festpreis Sind Sie von der NIS\u20112 Richtlinie betroffen?Finden Sie es jetzt zuverl\u00e4ssig heraus \u2013&nbsp;mit unser NIS\u20112 Betroffenheitspr\u00fcfung zum Festpreis. Wir geben Ihnen verl\u00e4ssliche Klarheit \u2013 bevor Bu\u00dfgelder oder Haftungsrisiken entstehen. Warum ist jetzt Handeln so wichtig? Massive Unter\u2011Registrierung Laut aktuellen Berichten haben sich&nbsp;weniger als die H\u00e4lfte&nbsp;der betroffenen Unternehmen beim BSI registriert [&hellip;]<\/p>\n","protected":false},"author":1,"featured_media":0,"parent":0,"menu_order":0,"comment_status":"closed","ping_status":"closed","template":"page-with-title","meta":{"footnotes":""},"class_list":["post-4911","page","type-page","status-publish","hentry"],"yoast_head":"<!-- This site is optimized with the Yoast SEO plugin v27.4 - https:\/\/yoast.com\/product\/yoast-seo-wordpress\/ -->\n<title>NIS 2 Betroffenheitspr\u00fcfung - Zum Festpreis<\/title>\n<meta name=\"description\" content=\"NIS 2 betroffen? Wir pr\u00fcfen es zum Festpreis. Vermeiden Sie Haftungsrisiken. Rechtliche Pr\u00fcfung &amp; klare Empfehlungen.\" \/>\n<meta name=\"robots\" content=\"index, follow, max-snippet:-1, max-image-preview:large, max-video-preview:-1\" \/>\n<link rel=\"canonical\" href=\"https:\/\/anda-law.com\/en\/nis-2-betroffenheitspruefung\/\" \/>\n<meta property=\"og:locale\" content=\"en_GB\" \/>\n<meta property=\"og:type\" content=\"article\" \/>\n<meta property=\"og:title\" content=\"NIS 2 Betroffenheitspr\u00fcfung - Zum Festpreis\" \/>\n<meta property=\"og:description\" content=\"NIS 2 betroffen? Wir pr\u00fcfen es zum Festpreis. Vermeiden Sie Haftungsrisiken. Rechtliche Pr\u00fcfung &amp; klare Empfehlungen.\" \/>\n<meta property=\"og:url\" content=\"https:\/\/anda-law.com\/en\/nis-2-betroffenheitspruefung\/\" \/>\n<meta property=\"og:site_name\" content=\"ANDA Legal Services &amp; Strategies\" \/>\n<meta property=\"article:modified_time\" content=\"2026-03-27T14:25:38+00:00\" \/>\n<meta property=\"og:image\" content=\"https:\/\/anda-law.com\/wp-content\/uploads\/2026\/02\/iStock-1702297061.jpg\" \/>\n\t<meta property=\"og:image:width\" content=\"2389\" \/>\n\t<meta property=\"og:image:height\" content=\"1255\" \/>\n\t<meta property=\"og:image:type\" content=\"image\/jpeg\" \/>\n<meta name=\"twitter:card\" content=\"summary_large_image\" \/>\n<meta name=\"twitter:label1\" content=\"Estimated reading time\" \/>\n\t<meta name=\"twitter:data1\" content=\"3 minutes\" \/>\n<script type=\"application\/ld+json\" class=\"yoast-schema-graph\">{\"@context\":\"https:\\\/\\\/schema.org\",\"@graph\":[{\"@type\":\"WebPage\",\"@id\":\"https:\\\/\\\/anda-law.com\\\/nis-2-betroffenheitspruefung\\\/\",\"url\":\"https:\\\/\\\/anda-law.com\\\/nis-2-betroffenheitspruefung\\\/\",\"name\":\"NIS 2 Betroffenheitspr\u00fcfung - Zum Festpreis\",\"isPartOf\":{\"@id\":\"https:\\\/\\\/anda-law.com\\\/#website\"},\"primaryImageOfPage\":{\"@id\":\"https:\\\/\\\/anda-law.com\\\/nis-2-betroffenheitspruefung\\\/#primaryimage\"},\"image\":{\"@id\":\"https:\\\/\\\/anda-law.com\\\/nis-2-betroffenheitspruefung\\\/#primaryimage\"},\"thumbnailUrl\":\"https:\\\/\\\/anda-law.com\\\/wp-content\\\/uploads\\\/2026\\\/02\\\/iStock-1702297061-1024x538.jpg\",\"datePublished\":\"2026-03-26T09:47:45+00:00\",\"dateModified\":\"2026-03-27T14:25:38+00:00\",\"description\":\"NIS 2 betroffen? Wir pr\u00fcfen es zum Festpreis. Vermeiden Sie Haftungsrisiken. Rechtliche Pr\u00fcfung & klare Empfehlungen.\",\"breadcrumb\":{\"@id\":\"https:\\\/\\\/anda-law.com\\\/nis-2-betroffenheitspruefung\\\/#breadcrumb\"},\"inLanguage\":\"en-GB\",\"potentialAction\":[{\"@type\":\"ReadAction\",\"target\":[\"https:\\\/\\\/anda-law.com\\\/nis-2-betroffenheitspruefung\\\/\"]}]},{\"@type\":\"ImageObject\",\"inLanguage\":\"en-GB\",\"@id\":\"https:\\\/\\\/anda-law.com\\\/nis-2-betroffenheitspruefung\\\/#primaryimage\",\"url\":\"https:\\\/\\\/anda-law.com\\\/wp-content\\\/uploads\\\/2026\\\/02\\\/iStock-1702297061-1024x538.jpg\",\"contentUrl\":\"https:\\\/\\\/anda-law.com\\\/wp-content\\\/uploads\\\/2026\\\/02\\\/iStock-1702297061-1024x538.jpg\"},{\"@type\":\"BreadcrumbList\",\"@id\":\"https:\\\/\\\/anda-law.com\\\/nis-2-betroffenheitspruefung\\\/#breadcrumb\",\"itemListElement\":[{\"@type\":\"ListItem\",\"position\":1,\"name\":\"Start\",\"item\":\"https:\\\/\\\/anda-law.com\\\/\"},{\"@type\":\"ListItem\",\"position\":2,\"name\":\"NIS 2 Betroffenheitspr\u00fcfung\"}]},{\"@type\":\"WebSite\",\"@id\":\"https:\\\/\\\/anda-law.com\\\/#website\",\"url\":\"https:\\\/\\\/anda-law.com\\\/\",\"name\":\"Legal Services & Strategies\",\"description\":\"Flexible und strategische Rechtsberatung - externe Rechtsabteilung, Projekt-, Interim-Support\",\"publisher\":{\"@id\":\"https:\\\/\\\/anda-law.com\\\/#organization\"},\"potentialAction\":[{\"@type\":\"SearchAction\",\"target\":{\"@type\":\"EntryPoint\",\"urlTemplate\":\"https:\\\/\\\/anda-law.com\\\/?s={search_term_string}\"},\"query-input\":{\"@type\":\"PropertyValueSpecification\",\"valueRequired\":true,\"valueName\":\"search_term_string\"}}],\"inLanguage\":\"en-GB\"},{\"@type\":\"Organization\",\"@id\":\"https:\\\/\\\/anda-law.com\\\/#organization\",\"name\":\"ANDA Rechtsanw\u00e4lte\",\"url\":\"https:\\\/\\\/anda-law.com\\\/\",\"logo\":{\"@type\":\"ImageObject\",\"inLanguage\":\"en-GB\",\"@id\":\"https:\\\/\\\/anda-law.com\\\/#\\\/schema\\\/logo\\\/image\\\/\",\"url\":\"https:\\\/\\\/anda-law.com\\\/wp-content\\\/uploads\\\/2026\\\/03\\\/logo-neu-9-Kopie.png\",\"contentUrl\":\"https:\\\/\\\/anda-law.com\\\/wp-content\\\/uploads\\\/2026\\\/03\\\/logo-neu-9-Kopie.png\",\"width\":2000,\"height\":2000,\"caption\":\"ANDA Rechtsanw\u00e4lte\"},\"image\":{\"@id\":\"https:\\\/\\\/anda-law.com\\\/#\\\/schema\\\/logo\\\/image\\\/\"},\"sameAs\":[\"https:\\\/\\\/www.linkedin.com\\\/company\\\/anda-law\"]}]}<\/script>\n<!-- \/ Yoast SEO plugin. -->","yoast_head_json":{"title":"NIS 2 Betroffenheitspr\u00fcfung - Zum Festpreis","description":"NIS 2 betroffen? Wir pr\u00fcfen es zum Festpreis. Vermeiden Sie Haftungsrisiken. Rechtliche Pr\u00fcfung & klare Empfehlungen.","robots":{"index":"index","follow":"follow","max-snippet":"max-snippet:-1","max-image-preview":"max-image-preview:large","max-video-preview":"max-video-preview:-1"},"canonical":"https:\/\/anda-law.com\/en\/nis-2-betroffenheitspruefung\/","og_locale":"en_GB","og_type":"article","og_title":"NIS 2 Betroffenheitspr\u00fcfung - Zum Festpreis","og_description":"NIS 2 betroffen? Wir pr\u00fcfen es zum Festpreis. Vermeiden Sie Haftungsrisiken. Rechtliche Pr\u00fcfung & klare Empfehlungen.","og_url":"https:\/\/anda-law.com\/en\/nis-2-betroffenheitspruefung\/","og_site_name":"ANDA Legal Services &amp; Strategies","article_modified_time":"2026-03-27T14:25:38+00:00","og_image":[{"width":2389,"height":1255,"url":"https:\/\/anda-law.com\/wp-content\/uploads\/2026\/02\/iStock-1702297061.jpg","type":"image\/jpeg"}],"twitter_card":"summary_large_image","twitter_misc":{"Estimated reading time":"3 minutes"},"schema":{"@context":"https:\/\/schema.org","@graph":[{"@type":"WebPage","@id":"https:\/\/anda-law.com\/nis-2-betroffenheitspruefung\/","url":"https:\/\/anda-law.com\/nis-2-betroffenheitspruefung\/","name":"NIS 2 Betroffenheitspr\u00fcfung - Zum Festpreis","isPartOf":{"@id":"https:\/\/anda-law.com\/#website"},"primaryImageOfPage":{"@id":"https:\/\/anda-law.com\/nis-2-betroffenheitspruefung\/#primaryimage"},"image":{"@id":"https:\/\/anda-law.com\/nis-2-betroffenheitspruefung\/#primaryimage"},"thumbnailUrl":"https:\/\/anda-law.com\/wp-content\/uploads\/2026\/02\/iStock-1702297061-1024x538.jpg","datePublished":"2026-03-26T09:47:45+00:00","dateModified":"2026-03-27T14:25:38+00:00","description":"NIS 2 betroffen? Wir pr\u00fcfen es zum Festpreis. Vermeiden Sie Haftungsrisiken. Rechtliche Pr\u00fcfung & klare Empfehlungen.","breadcrumb":{"@id":"https:\/\/anda-law.com\/nis-2-betroffenheitspruefung\/#breadcrumb"},"inLanguage":"en-GB","potentialAction":[{"@type":"ReadAction","target":["https:\/\/anda-law.com\/nis-2-betroffenheitspruefung\/"]}]},{"@type":"ImageObject","inLanguage":"en-GB","@id":"https:\/\/anda-law.com\/nis-2-betroffenheitspruefung\/#primaryimage","url":"https:\/\/anda-law.com\/wp-content\/uploads\/2026\/02\/iStock-1702297061-1024x538.jpg","contentUrl":"https:\/\/anda-law.com\/wp-content\/uploads\/2026\/02\/iStock-1702297061-1024x538.jpg"},{"@type":"BreadcrumbList","@id":"https:\/\/anda-law.com\/nis-2-betroffenheitspruefung\/#breadcrumb","itemListElement":[{"@type":"ListItem","position":1,"name":"Start","item":"https:\/\/anda-law.com\/"},{"@type":"ListItem","position":2,"name":"NIS 2 Betroffenheitspr\u00fcfung"}]},{"@type":"WebSite","@id":"https:\/\/anda-law.com\/#website","url":"https:\/\/anda-law.com\/","name":"Legal Services & Strategies","description":"Flexible und strategische Rechtsberatung - externe Rechtsabteilung, Projekt-, Interim-Support","publisher":{"@id":"https:\/\/anda-law.com\/#organization"},"potentialAction":[{"@type":"SearchAction","target":{"@type":"EntryPoint","urlTemplate":"https:\/\/anda-law.com\/?s={search_term_string}"},"query-input":{"@type":"PropertyValueSpecification","valueRequired":true,"valueName":"search_term_string"}}],"inLanguage":"en-GB"},{"@type":"Organization","@id":"https:\/\/anda-law.com\/#organization","name":"ANDA Legal Services &amp; Strategies","url":"https:\/\/anda-law.com\/","logo":{"@type":"ImageObject","inLanguage":"en-GB","@id":"https:\/\/anda-law.com\/#\/schema\/logo\/image\/","url":"https:\/\/anda-law.com\/wp-content\/uploads\/2026\/03\/logo-neu-9-Kopie.png","contentUrl":"https:\/\/anda-law.com\/wp-content\/uploads\/2026\/03\/logo-neu-9-Kopie.png","width":2000,"height":2000,"caption":"ANDA Rechtsanw\u00e4lte"},"image":{"@id":"https:\/\/anda-law.com\/#\/schema\/logo\/image\/"},"sameAs":["https:\/\/www.linkedin.com\/company\/anda-law"]}]}},"rttpg_featured_image_url":null,"rttpg_author":{"display_name":"admin","author_link":"https:\/\/anda-law.com\/en\/author\/admin\/"},"rttpg_comment":0,"rttpg_category":null,"rttpg_excerpt":"NIS 2 Betroffenheitspr\u00fcfung zum Festpreis Sind Sie von der NIS\u20112 Richtlinie betroffen?Finden Sie es jetzt zuverl\u00e4ssig heraus \u2013&nbsp;mit unser NIS\u20112 Betroffenheitspr\u00fcfung zum Festpreis. Wir geben Ihnen verl\u00e4ssliche Klarheit \u2013 bevor Bu\u00dfgelder oder Haftungsrisiken entstehen. Warum ist jetzt Handeln so wichtig? Massive Unter\u2011Registrierung Laut aktuellen Berichten haben sich&nbsp;weniger als die H\u00e4lfte&nbsp;der betroffenen Unternehmen beim BSI registriert&hellip;","_links":{"self":[{"href":"https:\/\/anda-law.com\/en\/wp-json\/wp\/v2\/pages\/4911","targetHints":{"allow":["GET"]}}],"collection":[{"href":"https:\/\/anda-law.com\/en\/wp-json\/wp\/v2\/pages"}],"about":[{"href":"https:\/\/anda-law.com\/en\/wp-json\/wp\/v2\/types\/page"}],"author":[{"embeddable":true,"href":"https:\/\/anda-law.com\/en\/wp-json\/wp\/v2\/users\/1"}],"replies":[{"embeddable":true,"href":"https:\/\/anda-law.com\/en\/wp-json\/wp\/v2\/comments?post=4911"}],"version-history":[{"count":17,"href":"https:\/\/anda-law.com\/en\/wp-json\/wp\/v2\/pages\/4911\/revisions"}],"predecessor-version":[{"id":4940,"href":"https:\/\/anda-law.com\/en\/wp-json\/wp\/v2\/pages\/4911\/revisions\/4940"}],"wp:attachment":[{"href":"https:\/\/anda-law.com\/en\/wp-json\/wp\/v2\/media?parent=4911"}],"curies":[{"name":"wp","href":"https:\/\/api.w.org\/{rel}","templated":true}]}}